{"id":490,"date":"2022-09-22T12:14:29","date_gmt":"2022-09-22T10:14:29","guid":{"rendered":"https:\/\/www.oerlemansplastics.nl\/de\/?page_id=490"},"modified":"2025-01-29T15:08:05","modified_gmt":"2025-01-29T14:08:05","slug":"uber-uns","status":"publish","type":"page","link":"https:\/\/www.oerlemansplastics.nl\/de\/uber-uns\/","title":{"rendered":"\u00dcber uns"},"content":{"rendered":"\n<div class=\"hh-block block-row\">\n    <div class=\"block-row__row row block-row__row--preset-2\/3|1\/3 block-row__row--align-stretch\">\n                \n\n<div class=\"hh-block block-column col col--1 col--lg-2\/3\">\n    \n<p class=\"hh-block block-paragraph block-paragraph--id-69d453636faaa\"data-mb=\"small\">Sie sind auf der Suche nach einer flexiblen Kunststoffverpackung? Oerlemans Plastics ist der f\u00fchrende Hersteller im Bereich Kunststoffverpackungen. Mit einer gro\u00dfen Anzahl von Mono- und Coex-Extrudern produzieren wir Folien in Qualit\u00e4ten wie LDPE, MDPE, LLDPE und HDPE. Wir entwickeln kontinuierlich neue Folien- und Verpackungskonzepte f\u00fcr den Lebensmittel-, Non-Food-, Agrar- und Gartenbausektor. Die Produkte finden ihren Weg in die ganze Welt. Im Mittelpunkt jeder L\u00f6sung stehen f\u00fcr uns der Kunde, die Qualit\u00e4t und das profitable Endergebnis. Dank unserer eigenen Logistik bieten wir einen optimalen Service an.<\/p>\n\n<p class=\"hh-block block-paragraph block-paragraph--id-69d453636fbc6\"data-mb=\"small\">Oerlemans Plastics ist Teil der OPACKGROUP. Diese Gruppe besteht aus sieben Unternehmen:<\/p>\n\n<p class=\"hh-block block-paragraph block-paragraph--id-69d453636fc37\"data-mb=\"small\"><strong>Fardem Packaging<\/strong> \u2013 Edam<br>PE-Verpackungen und Folie \/ D\u00fcngemittel \u2013 Salz \u2013 Bauwesen \u2013 Polymere \u2013 Zement \u2013 Futtermittel<\/p>\n\n<p class=\"hh-block block-paragraph block-paragraph--id-69d453636fc88\"data-mb=\"small\"><strong>Flexpak<\/strong> \u2013 Geldermalsen<br>Laminatfolie \u2013 Blockbodenbeutel \u2013 Folienzuschnitte \u2013 Rondelle<\/p>\n\n<p class=\"hh-block block-paragraph block-paragraph--id-69d453636fcd4\"data-mb=\"small\"><strong>Oerlemans Plastics<\/strong> \u2013 Genderen und Giessen<br>PE-Verpackungen und Folie<br>Lebensmittel, Non-Food, Agrar &amp; Gartenbau<\/p>\n\n<p class=\"hh-block block-paragraph block-paragraph--id-69d453636fd28\"data-mb=\"small\"><strong>OPI<\/strong> \u2013 Oosterwolde<br>PE-Verpackungen und Folie \/ HDPE-, LDPE-Beutel, Folienzuschnitte und Folie<\/p>\n\n<p class=\"hh-block block-paragraph block-paragraph--id-69d453636fd72\"data-mb=\"small\"><strong>Perfon<\/strong> \u2013 Goor<br>Polypropylenzuschnitte und Folie \/ Hotneedle und gestanzt<\/p>\n\n<p class=\"hh-block block-paragraph block-paragraph--id-69d453636fdbb\"data-mb=\"small\"><strong>Plasthill<\/strong> \u2013 Hillegom<br>Industrielle PE-Verpackungen (bis zu 10 Meter breit)<\/p>\n\n<p class=\"hh-block block-paragraph block-paragraph--id-69d453636fe16\"data-mb=\"small\"><strong>Stempher<\/strong> \u2013 RijssenExtrusions-LDPE \u2013 LLDPE \u2013 MDPE \u2013 Coex \u2013 Papier<\/p>\n\n<p class=\"hh-block block-paragraph block-paragraph--id-69d453636fe79\"><\/p>\n<\/div>\n\n\n<div class=\"hh-block block-column col col--1 col--lg-1\/3\">\n    <\/div>\n            <\/div>\n<\/div>\n","protected":false},"excerpt":{"rendered":"","protected":false},"author":1,"featured_media":0,"parent":0,"menu_order":16,"comment_status":"closed","ping_status":"closed","template":"","meta":{"_acf_changed":false,"footnotes":""},"class_list":["post-490","page","type-page","status-publish","hentry"],"acf":[],"yoast_head":"<title>\u00dcber uns<\/title>\n<meta name=\"description\" content=\"Wie sind der Kunststoffhersteller auf dem Gebiet der Kunststoffverpackungen. Lesen Sie hier und erfahren Sie, wer wir sind und was wir tun.\" \/>\n<meta name=\"robots\" content=\"index, follow, max-snippet:-1, max-image-preview:large, max-video-preview:-1\" \/>\n<link rel=\"canonical\" href=\"https:\/\/www.oerlemansplastics.nl\/de\/uber-uns\/\" \/>\n<meta property=\"og:locale\" content=\"de_DE\" \/>\n<meta property=\"og:type\" content=\"article\" \/>\n<meta property=\"og:title\" content=\"\u00dcber uns\" \/>\n<meta property=\"og:description\" content=\"Wie sind der Kunststoffhersteller auf dem Gebiet der Kunststoffverpackungen. Lesen Sie hier und erfahren Sie, wer wir sind und was wir tun.\" \/>\n<meta property=\"og:url\" content=\"https:\/\/www.oerlemansplastics.nl\/de\/uber-uns\/\" \/>\n<meta property=\"og:site_name\" content=\"Oerlemans Plastics\" \/>\n<meta property=\"article:modified_time\" content=\"2025-01-29T14:08:05+00:00\" \/>\n<meta name=\"twitter:card\" content=\"summary_large_image\" \/>\n<meta name=\"twitter:label1\" content=\"Gesch\u00e4tzte Lesezeit\" \/>\n\t<meta name=\"twitter:data1\" content=\"1\u00a0Minute\" \/>\n<script type=\"application\/ld+json\" class=\"yoast-schema-graph\">{\"@context\":\"https:\/\/schema.org\",\"@graph\":[{\"@type\":\"WebPage\",\"@id\":\"https:\/\/www.oerlemansplastics.nl\/de\/uber-uns\/\",\"url\":\"https:\/\/www.oerlemansplastics.nl\/de\/uber-uns\/\",\"name\":\"\u00dcber uns\",\"isPartOf\":{\"@id\":\"https:\/\/www.oerlemansplastics.nl\/de\/#website\"},\"datePublished\":\"2022-09-22T10:14:29+00:00\",\"dateModified\":\"2025-01-29T14:08:05+00:00\",\"description\":\"Wie sind der Kunststoffhersteller auf dem Gebiet der Kunststoffverpackungen. Lesen Sie hier und erfahren Sie, wer wir sind und was wir tun.\",\"breadcrumb\":{\"@id\":\"https:\/\/www.oerlemansplastics.nl\/de\/uber-uns\/#breadcrumb\"},\"inLanguage\":\"de\",\"potentialAction\":[{\"@type\":\"ReadAction\",\"target\":[\"https:\/\/www.oerlemansplastics.nl\/de\/uber-uns\/\"]}]},{\"@type\":\"BreadcrumbList\",\"@id\":\"https:\/\/www.oerlemansplastics.nl\/de\/uber-uns\/#breadcrumb\",\"itemListElement\":[{\"@type\":\"ListItem\",\"position\":1,\"name\":\"Home\",\"item\":\"https:\/\/www.oerlemansplastics.nl\/de\/\"},{\"@type\":\"ListItem\",\"position\":2,\"name\":\"\u00dcber uns\"}]},{\"@type\":\"WebSite\",\"@id\":\"https:\/\/www.oerlemansplastics.nl\/de\/#website\",\"url\":\"https:\/\/www.oerlemansplastics.nl\/de\/\",\"name\":\"Oerlemans Plastics\",\"description\":\"The sustainable innovator\",\"potentialAction\":[{\"@type\":\"SearchAction\",\"target\":{\"@type\":\"EntryPoint\",\"urlTemplate\":\"https:\/\/www.oerlemansplastics.nl\/de\/?suchanfrage={search_term_string}\"},\"query-input\":{\"@type\":\"PropertyValueSpecification\",\"valueRequired\":true,\"valueName\":\"search_term_string\"}}],\"inLanguage\":\"de\"}]}<\/script>","yoast_head_json":{"title":"\u00dcber uns","description":"Wie sind der Kunststoffhersteller auf dem Gebiet der Kunststoffverpackungen. Lesen Sie hier und erfahren Sie, wer wir sind und was wir tun.","robots":{"index":"index","follow":"follow","max-snippet":"max-snippet:-1","max-image-preview":"max-image-preview:large","max-video-preview":"max-video-preview:-1"},"canonical":"https:\/\/www.oerlemansplastics.nl\/de\/uber-uns\/","og_locale":"de_DE","og_type":"article","og_title":"\u00dcber uns","og_description":"Wie sind der Kunststoffhersteller auf dem Gebiet der Kunststoffverpackungen. Lesen Sie hier und erfahren Sie, wer wir sind und was wir tun.","og_url":"https:\/\/www.oerlemansplastics.nl\/de\/uber-uns\/","og_site_name":"Oerlemans Plastics","article_modified_time":"2025-01-29T14:08:05+00:00","twitter_card":"summary_large_image","twitter_misc":{"Gesch\u00e4tzte Lesezeit":"1\u00a0Minute"},"schema":{"@context":"https:\/\/schema.org","@graph":[{"@type":"WebPage","@id":"https:\/\/www.oerlemansplastics.nl\/de\/uber-uns\/","url":"https:\/\/www.oerlemansplastics.nl\/de\/uber-uns\/","name":"\u00dcber uns","isPartOf":{"@id":"https:\/\/www.oerlemansplastics.nl\/de\/#website"},"datePublished":"2022-09-22T10:14:29+00:00","dateModified":"2025-01-29T14:08:05+00:00","description":"Wie sind der Kunststoffhersteller auf dem Gebiet der Kunststoffverpackungen. Lesen Sie hier und erfahren Sie, wer wir sind und was wir tun.","breadcrumb":{"@id":"https:\/\/www.oerlemansplastics.nl\/de\/uber-uns\/#breadcrumb"},"inLanguage":"de","potentialAction":[{"@type":"ReadAction","target":["https:\/\/www.oerlemansplastics.nl\/de\/uber-uns\/"]}]},{"@type":"BreadcrumbList","@id":"https:\/\/www.oerlemansplastics.nl\/de\/uber-uns\/#breadcrumb","itemListElement":[{"@type":"ListItem","position":1,"name":"Home","item":"https:\/\/www.oerlemansplastics.nl\/de\/"},{"@type":"ListItem","position":2,"name":"\u00dcber uns"}]},{"@type":"WebSite","@id":"https:\/\/www.oerlemansplastics.nl\/de\/#website","url":"https:\/\/www.oerlemansplastics.nl\/de\/","name":"Oerlemans Plastics","description":"The sustainable innovator","potentialAction":[{"@type":"SearchAction","target":{"@type":"EntryPoint","urlTemplate":"https:\/\/www.oerlemansplastics.nl\/de\/?suchanfrage={search_term_string}"},"query-input":{"@type":"PropertyValueSpecification","valueRequired":true,"valueName":"search_term_string"}}],"inLanguage":"de"}]}},"_links":{"self":[{"href":"https:\/\/www.oerlemansplastics.nl\/de\/wp-json\/wp\/v2\/pages\/490","targetHints":{"allow":["GET"]}}],"collection":[{"href":"https:\/\/www.oerlemansplastics.nl\/de\/wp-json\/wp\/v2\/pages"}],"about":[{"href":"https:\/\/www.oerlemansplastics.nl\/de\/wp-json\/wp\/v2\/types\/page"}],"author":[{"embeddable":true,"href":"https:\/\/www.oerlemansplastics.nl\/de\/wp-json\/wp\/v2\/users\/1"}],"replies":[{"embeddable":true,"href":"https:\/\/www.oerlemansplastics.nl\/de\/wp-json\/wp\/v2\/comments?post=490"}],"version-history":[{"count":32,"href":"https:\/\/www.oerlemansplastics.nl\/de\/wp-json\/wp\/v2\/pages\/490\/revisions"}],"predecessor-version":[{"id":2400,"href":"https:\/\/www.oerlemansplastics.nl\/de\/wp-json\/wp\/v2\/pages\/490\/revisions\/2400"}],"wp:attachment":[{"href":"https:\/\/www.oerlemansplastics.nl\/de\/wp-json\/wp\/v2\/media?parent=490"}],"curies":[{"name":"wp","href":"https:\/\/api.w.org\/{rel}","templated":true}]}}