{"id":3412,"date":"2024-11-27T13:16:43","date_gmt":"2024-11-27T12:16:43","guid":{"rendered":"https:\/\/www.oerlemansplastics.nl\/de\/?page_id=3412"},"modified":"2025-09-03T12:00:38","modified_gmt":"2025-09-03T10:00:38","slug":"ecovadis-zertifizierung-unternehmerische-nachhaltigkeit","status":"publish","type":"page","link":"https:\/\/www.oerlemansplastics.nl\/de\/ecovadis-zertifizierung-unternehmerische-nachhaltigkeit\/","title":{"rendered":"Ecovadis"},"content":{"rendered":"\n<div class=\"hh-block block-row\"data-mb=\"regular\">\n    <div class=\"block-row__row row block-row__row--preset-1\/3|1\/3|1\/3 block-row__row--align-stretch\">\n                \n\n<div class=\"hh-block block-column col col--1 col--lg-1\/3\">\n    \n<p class=\"hh-block block-paragraph block-paragraph--id-69db9bbbc7c3e\"data-mb=\"small\">Nachhaltigkeit ist ein wesentlicher Bestandteil der Unternehmenspolitik. Die OPACKGROUP besitzt ein golden Ecovadis-Zertifikat. Ecovadis ist eine globale Kooperationsplattform von f\u00fchrenden Unternehmen, die Wert auf Nachhaltigkeit legen. Ecovadis zielt auf die Verbesserung von Umwelt, Arbeits- und Menschenrechten, Ethik und nachhaltiger Beschaffung ab. Ecovadis ist der weltweit gr\u00f6\u00dfte und vertrauensw\u00fcrdigste Anbieter von Nachhaltigkeitsbewertungen f\u00fcr Unternehmen. Mit dem Ecovadis-System sind die Bewertungen f\u00fcr Kunden und Lieferanten transparent und zeigen, wo die St\u00e4rken und Schw\u00e4chen bei den Nachhaltigkeitskriterien liegen.<\/p>\n<\/div>\n\n\n<div class=\"hh-block block-column col col--1 col--lg-1\/3\">\n    \n\n    <div class=\"hh-block block-image\"\n         data-mt=\"none\"         data-mb=\"small\"         data-horizontal-align=\"centered\"\n         data-vertical-align=\"centered\"\n         data-mobile-align=\"centered\">\n\n         \n        <figure class=\"block-image__inner\" style=\"max-width: 320px\">\n\n            \n            \n            <div class=\"block-image__image-container\">\n\n            \n                <picture class=\"block-image__picture\" draggable=\"false\">\n  <source media=\"(min-width: 414px)\" srcset=\"https:\/\/www.oerlemansplastics.nl\/de\/wp-content\/uploads\/2025\/08\/Ecovadis-Goud-2025-1-320x200.jpg\" width=\"320\" height=\"200\" \/>\n  <source media=\"(min-width: 0px)\" srcset=\"https:\/\/www.oerlemansplastics.nl\/de\/wp-content\/uploads\/2025\/08\/Ecovadis-Goud-2025-1-320x200.jpg 1x, https:\/\/www.oerlemansplastics.nl\/de\/wp-content\/uploads\/2025\/08\/Ecovadis-Goud-2025-1-320x200.jpg 2x\" width=\"320\" height=\"200\" \/>\n  <img class=\"block-image__image\" draggable=\"false\" decoding=\"async\" loading=\"lazy\" src=\"https:\/\/www.oerlemansplastics.nl\/de\/wp-content\/uploads\/2025\/08\/Ecovadis-Goud-2025-1-320x200.jpg\" alt=\"\" width=\"320\" height=\"200\" \/>\n<\/picture>\n                                    <div\n                        class=\"block-image__holder block-image__holder--desktop\"\n                        style=\"aspect-ratio: 320\/200; max-width: 320px\">\n                    <\/div>\n                \n                                    <div\n                        class=\"block-image__holder block-image__holder--mobile\"\n                        style=\"aspect-ratio: 320\/200; max-width: 320px\">\n                    <\/div>\n                \n                                \n            <\/div>\n\n                        \n\n            \n            \n            \n            \n        <\/figure>\n\n        \n    <\/div>\n\n\n<\/div>\n\n\n<div class=\"hh-block block-column col col--1 col--lg-1\/3\">\n    <\/div>\n            <\/div>\n<\/div>\n\n\n<p class=\"hh-block block-paragraph block-paragraph--id-69db9bbbcb72e\"data-mb=\"small\"><a href=\"https:\/\/www.opackgroup.com\/wp-content\/uploads\/2025\/09\/ecovadis-certificaat-svg.svg\" target=\"_blank\" rel=\"noreferrer noopener\">Ecovadis<\/a><\/p>","protected":false},"excerpt":{"rendered":"","protected":false},"author":2,"featured_media":0,"parent":0,"menu_order":5,"comment_status":"closed","ping_status":"closed","template":"","meta":{"_acf_changed":false,"footnotes":""},"class_list":["post-3412","page","type-page","status-publish","hentry"],"acf":[],"yoast_head":"<title>Ecovadis-Zertifizierung | Unternehmerische Nachhaltigkeit<\/title>\n<meta name=\"description\" content=\"Lesen Sie, wie die Ecovadis-Zertifizierung ihr Engagement f\u00fcr nachhaltiges und verantwortungsvolles Wirtschaften best\u00e4tigt.\" \/>\n<meta name=\"robots\" content=\"index, follow, max-snippet:-1, max-image-preview:large, max-video-preview:-1\" \/>\n<link rel=\"canonical\" href=\"https:\/\/www.oerlemansplastics.nl\/de\/ecovadis-zertifizierung-unternehmerische-nachhaltigkeit\/\" \/>\n<meta property=\"og:locale\" content=\"de_DE\" \/>\n<meta property=\"og:type\" content=\"article\" \/>\n<meta property=\"og:title\" content=\"Ecovadis-Zertifizierung | Unternehmerische Nachhaltigkeit\" \/>\n<meta property=\"og:description\" content=\"Lesen Sie, wie die Ecovadis-Zertifizierung ihr Engagement f\u00fcr nachhaltiges und verantwortungsvolles Wirtschaften best\u00e4tigt.\" \/>\n<meta property=\"og:url\" content=\"https:\/\/www.oerlemansplastics.nl\/de\/ecovadis-zertifizierung-unternehmerische-nachhaltigkeit\/\" \/>\n<meta property=\"og:site_name\" content=\"Oerlemans Plastics\" \/>\n<meta property=\"article:modified_time\" content=\"2025-09-03T10:00:38+00:00\" \/>\n<meta name=\"twitter:card\" content=\"summary_large_image\" \/>\n<meta name=\"twitter:label1\" content=\"Gesch\u00e4tzte Lesezeit\" \/>\n\t<meta name=\"twitter:data1\" content=\"1\u00a0Minute\" \/>\n<script type=\"application\/ld+json\" class=\"yoast-schema-graph\">{\"@context\":\"https:\/\/schema.org\",\"@graph\":[{\"@type\":\"WebPage\",\"@id\":\"https:\/\/www.oerlemansplastics.nl\/de\/ecovadis-zertifizierung-unternehmerische-nachhaltigkeit\/\",\"url\":\"https:\/\/www.oerlemansplastics.nl\/de\/ecovadis-zertifizierung-unternehmerische-nachhaltigkeit\/\",\"name\":\"Ecovadis-Zertifizierung | Unternehmerische Nachhaltigkeit\",\"isPartOf\":{\"@id\":\"https:\/\/www.oerlemansplastics.nl\/de\/#website\"},\"datePublished\":\"2024-11-27T12:16:43+00:00\",\"dateModified\":\"2025-09-03T10:00:38+00:00\",\"description\":\"Lesen Sie, wie die Ecovadis-Zertifizierung ihr Engagement f\u00fcr nachhaltiges und verantwortungsvolles Wirtschaften best\u00e4tigt.\",\"breadcrumb\":{\"@id\":\"https:\/\/www.oerlemansplastics.nl\/de\/ecovadis-zertifizierung-unternehmerische-nachhaltigkeit\/#breadcrumb\"},\"inLanguage\":\"de\",\"potentialAction\":[{\"@type\":\"ReadAction\",\"target\":[\"https:\/\/www.oerlemansplastics.nl\/de\/ecovadis-zertifizierung-unternehmerische-nachhaltigkeit\/\"]}]},{\"@type\":\"BreadcrumbList\",\"@id\":\"https:\/\/www.oerlemansplastics.nl\/de\/ecovadis-zertifizierung-unternehmerische-nachhaltigkeit\/#breadcrumb\",\"itemListElement\":[{\"@type\":\"ListItem\",\"position\":1,\"name\":\"Home\",\"item\":\"https:\/\/www.oerlemansplastics.nl\/de\/\"},{\"@type\":\"ListItem\",\"position\":2,\"name\":\"Ecovadis\"}]},{\"@type\":\"WebSite\",\"@id\":\"https:\/\/www.oerlemansplastics.nl\/de\/#website\",\"url\":\"https:\/\/www.oerlemansplastics.nl\/de\/\",\"name\":\"Oerlemans Plastics\",\"description\":\"The sustainable innovator\",\"potentialAction\":[{\"@type\":\"SearchAction\",\"target\":{\"@type\":\"EntryPoint\",\"urlTemplate\":\"https:\/\/www.oerlemansplastics.nl\/de\/?suchanfrage={search_term_string}\"},\"query-input\":{\"@type\":\"PropertyValueSpecification\",\"valueRequired\":true,\"valueName\":\"search_term_string\"}}],\"inLanguage\":\"de\"}]}<\/script>","yoast_head_json":{"title":"Ecovadis-Zertifizierung | Unternehmerische Nachhaltigkeit","description":"Lesen Sie, wie die Ecovadis-Zertifizierung ihr Engagement f\u00fcr nachhaltiges und verantwortungsvolles Wirtschaften best\u00e4tigt.","robots":{"index":"index","follow":"follow","max-snippet":"max-snippet:-1","max-image-preview":"max-image-preview:large","max-video-preview":"max-video-preview:-1"},"canonical":"https:\/\/www.oerlemansplastics.nl\/de\/ecovadis-zertifizierung-unternehmerische-nachhaltigkeit\/","og_locale":"de_DE","og_type":"article","og_title":"Ecovadis-Zertifizierung | Unternehmerische Nachhaltigkeit","og_description":"Lesen Sie, wie die Ecovadis-Zertifizierung ihr Engagement f\u00fcr nachhaltiges und verantwortungsvolles Wirtschaften best\u00e4tigt.","og_url":"https:\/\/www.oerlemansplastics.nl\/de\/ecovadis-zertifizierung-unternehmerische-nachhaltigkeit\/","og_site_name":"Oerlemans Plastics","article_modified_time":"2025-09-03T10:00:38+00:00","twitter_card":"summary_large_image","twitter_misc":{"Gesch\u00e4tzte Lesezeit":"1\u00a0Minute"},"schema":{"@context":"https:\/\/schema.org","@graph":[{"@type":"WebPage","@id":"https:\/\/www.oerlemansplastics.nl\/de\/ecovadis-zertifizierung-unternehmerische-nachhaltigkeit\/","url":"https:\/\/www.oerlemansplastics.nl\/de\/ecovadis-zertifizierung-unternehmerische-nachhaltigkeit\/","name":"Ecovadis-Zertifizierung | Unternehmerische Nachhaltigkeit","isPartOf":{"@id":"https:\/\/www.oerlemansplastics.nl\/de\/#website"},"datePublished":"2024-11-27T12:16:43+00:00","dateModified":"2025-09-03T10:00:38+00:00","description":"Lesen Sie, wie die Ecovadis-Zertifizierung ihr Engagement f\u00fcr nachhaltiges und verantwortungsvolles Wirtschaften best\u00e4tigt.","breadcrumb":{"@id":"https:\/\/www.oerlemansplastics.nl\/de\/ecovadis-zertifizierung-unternehmerische-nachhaltigkeit\/#breadcrumb"},"inLanguage":"de","potentialAction":[{"@type":"ReadAction","target":["https:\/\/www.oerlemansplastics.nl\/de\/ecovadis-zertifizierung-unternehmerische-nachhaltigkeit\/"]}]},{"@type":"BreadcrumbList","@id":"https:\/\/www.oerlemansplastics.nl\/de\/ecovadis-zertifizierung-unternehmerische-nachhaltigkeit\/#breadcrumb","itemListElement":[{"@type":"ListItem","position":1,"name":"Home","item":"https:\/\/www.oerlemansplastics.nl\/de\/"},{"@type":"ListItem","position":2,"name":"Ecovadis"}]},{"@type":"WebSite","@id":"https:\/\/www.oerlemansplastics.nl\/de\/#website","url":"https:\/\/www.oerlemansplastics.nl\/de\/","name":"Oerlemans Plastics","description":"The sustainable innovator","potentialAction":[{"@type":"SearchAction","target":{"@type":"EntryPoint","urlTemplate":"https:\/\/www.oerlemansplastics.nl\/de\/?suchanfrage={search_term_string}"},"query-input":{"@type":"PropertyValueSpecification","valueRequired":true,"valueName":"search_term_string"}}],"inLanguage":"de"}]}},"_links":{"self":[{"href":"https:\/\/www.oerlemansplastics.nl\/de\/wp-json\/wp\/v2\/pages\/3412","targetHints":{"allow":["GET"]}}],"collection":[{"href":"https:\/\/www.oerlemansplastics.nl\/de\/wp-json\/wp\/v2\/pages"}],"about":[{"href":"https:\/\/www.oerlemansplastics.nl\/de\/wp-json\/wp\/v2\/types\/page"}],"author":[{"embeddable":true,"href":"https:\/\/www.oerlemansplastics.nl\/de\/wp-json\/wp\/v2\/users\/2"}],"replies":[{"embeddable":true,"href":"https:\/\/www.oerlemansplastics.nl\/de\/wp-json\/wp\/v2\/comments?post=3412"}],"version-history":[{"count":5,"href":"https:\/\/www.oerlemansplastics.nl\/de\/wp-json\/wp\/v2\/pages\/3412\/revisions"}],"predecessor-version":[{"id":3759,"href":"https:\/\/www.oerlemansplastics.nl\/de\/wp-json\/wp\/v2\/pages\/3412\/revisions\/3759"}],"wp:attachment":[{"href":"https:\/\/www.oerlemansplastics.nl\/de\/wp-json\/wp\/v2\/media?parent=3412"}],"curies":[{"name":"wp","href":"https:\/\/api.w.org\/{rel}","templated":true}]}}