{"id":3389,"date":"2024-11-27T13:22:05","date_gmt":"2024-11-27T12:22:05","guid":{"rendered":"https:\/\/www.oerlemansplastics.nl\/de\/?page_id=3389"},"modified":"2025-11-03T13:53:52","modified_gmt":"2025-11-03T12:53:52","slug":"qualitaetsstandards-1","status":"publish","type":"page","link":"https:\/\/www.oerlemansplastics.nl\/de\/uber-uns\/qualitaetsstandards-1\/","title":{"rendered":"Qualit\u00e4tsstandards"},"content":{"rendered":"<p class=\"hh-block block-paragraph block-paragraph--id-69e294df73e67\"data-mb=\"small\">Oerlemans Plastics verf\u00fcgt \u00fcber eine breite Palette von Zertifizierungen, die sein Engagement f\u00fcr Qualit\u00e4t, Nachhaltigkeit und Sicherheit best\u00e4tigen. Sie stellen sicher, dass alle Produkte und Prozesse den internationalen Normen entsprechen.<br>Im Folgenden k\u00f6nnen Sie mehr \u00fcber die Zertifizierungen von Oerlemans Plastics lesen.<\/p>\n\n\n\n\n    <section class=\"hh-block block-square-image-slider\"\n             data-mt=\"none\"             data-mb=\"large\">\n\n        <div class=\"block-square-image-slider__slider-container swiper-container\">\n            <div class=\"block-square-image-slider__wrapper swiper-wrapper\">\n                                    <div class=\"block-square-image-slider__slide swiper-slide\">\n                        \n<article class=\"snippet-square-image snippet-square-image--has-link snippet-square-image--has-image\">\n\n    <a class=\"snippet-square-image__link\" target=\"_blank\" draggable=\"false\" href=\"https:\/\/www.oerlemansplastics.nl\/de\/bqa-qa-cer\/\">\n    <div class=\"snippet-square-image__overlay\">\n        <span class=\"snippet-square-image__overlay-text\">\n            bqa qa-cer        <\/span>\n        <svg class=\"snippet-square-image__overlay-icon\">\n            <use xlink:href=\"https:\/\/www.oerlemansplastics.nl\/de\/wp-content\/themes\/happyhorizon\/dist\/happyhorizon-icons-a48c7885c34f533ae7d82ab6f4d7de38.svg#arrow-btn\"\/>\n        <\/svg>\n    <\/div>\n\n    <figure class=\"snippet-square-image__image-container\">\n\n                    <img decoding=\"async\" loading=\"lazy\"\n                 class=\"snippet-square-image__image\"\n                 draggable=\"false\"\n                 srcset=\"https:\/\/www.oerlemansplastics.nl\/de\/wp-content\/uploads\/2024\/11\/BQA-QA-CER-320x320.jpg 1x, https:\/\/www.oerlemansplastics.nl\/de\/wp-content\/uploads\/2024\/11\/BQA-QA-CER.jpg 2x\"\n                 src=\"https:\/\/www.oerlemansplastics.nl\/de\/wp-content\/uploads\/2024\/11\/BQA-QA-CER-320x320.jpg\"\n                 alt=\"\"\n                 width=\"320px\"                 height=\"320px\"\/>\n        \n    <\/figure>\n\n    <\/a>\n<\/article>                    <\/div>\n                                    <div class=\"block-square-image-slider__slide swiper-slide\">\n                        \n<article class=\"snippet-square-image snippet-square-image--has-link snippet-square-image--has-image\">\n\n    <a class=\"snippet-square-image__link\" target=\"_blank\" draggable=\"false\" href=\"https:\/\/www.oerlemansplastics.nl\/de\/brcgs-verpackungsmaterialien\/\">\n    <div class=\"snippet-square-image__overlay\">\n        <span class=\"snippet-square-image__overlay-text\">\n            brcgs        <\/span>\n        <svg class=\"snippet-square-image__overlay-icon\">\n            <use xlink:href=\"https:\/\/www.oerlemansplastics.nl\/de\/wp-content\/themes\/happyhorizon\/dist\/happyhorizon-icons-a48c7885c34f533ae7d82ab6f4d7de38.svg#arrow-btn\"\/>\n        <\/svg>\n    <\/div>\n\n    <figure class=\"snippet-square-image__image-container\">\n\n                    <img decoding=\"async\" loading=\"lazy\"\n                 class=\"snippet-square-image__image\"\n                 draggable=\"false\"\n                 srcset=\"https:\/\/www.oerlemansplastics.nl\/de\/wp-content\/uploads\/2024\/10\/certificaten-website-18-320x320.jpg 1x, https:\/\/www.oerlemansplastics.nl\/de\/wp-content\/uploads\/2024\/10\/certificaten-website-18.jpg 2x\"\n                 src=\"https:\/\/www.oerlemansplastics.nl\/de\/wp-content\/uploads\/2024\/10\/certificaten-website-18-320x320.jpg\"\n                 alt=\"\"\n                 width=\"320px\"                 height=\"320px\"\/>\n        \n    <\/figure>\n\n    <\/a>\n<\/article>                    <\/div>\n                                    <div class=\"block-square-image-slider__slide swiper-slide\">\n                        \n<article class=\"snippet-square-image snippet-square-image--has-link snippet-square-image--has-image\">\n\n    <a class=\"snippet-square-image__link\" target=\"_blank\" draggable=\"false\" href=\"https:\/\/www.oerlemansplastics.nl\/de\/ecovadis\/\">\n    <div class=\"snippet-square-image__overlay\">\n        <span class=\"snippet-square-image__overlay-text\">\n            ecovadis        <\/span>\n        <svg class=\"snippet-square-image__overlay-icon\">\n            <use xlink:href=\"https:\/\/www.oerlemansplastics.nl\/de\/wp-content\/themes\/happyhorizon\/dist\/happyhorizon-icons-a48c7885c34f533ae7d82ab6f4d7de38.svg#arrow-btn\"\/>\n        <\/svg>\n    <\/div>\n\n    <figure class=\"snippet-square-image__image-container\">\n\n                    <img decoding=\"async\" loading=\"lazy\"\n                 class=\"snippet-square-image__image\"\n                 draggable=\"false\"\n                 srcset=\"https:\/\/www.oerlemansplastics.nl\/de\/wp-content\/uploads\/2024\/10\/4-320x320.jpg 1x, https:\/\/www.oerlemansplastics.nl\/de\/wp-content\/uploads\/2024\/10\/4.jpg 2x\"\n                 src=\"https:\/\/www.oerlemansplastics.nl\/de\/wp-content\/uploads\/2024\/10\/4-320x320.jpg\"\n                 alt=\"\"\n                 width=\"320px\"                 height=\"320px\"\/>\n        \n    <\/figure>\n\n    <\/a>\n<\/article>                    <\/div>\n                                    <div class=\"block-square-image-slider__slide swiper-slide\">\n                        \n<article class=\"snippet-square-image snippet-square-image--has-link snippet-square-image--has-image\">\n\n    <a class=\"snippet-square-image__link\" target=\"_blank\" draggable=\"false\" href=\"https:\/\/www.oerlemansplastics.nl\/de\/iso14001\/\">\n    <div class=\"snippet-square-image__overlay\">\n        <span class=\"snippet-square-image__overlay-text\">\n            iso14001        <\/span>\n        <svg class=\"snippet-square-image__overlay-icon\">\n            <use xlink:href=\"https:\/\/www.oerlemansplastics.nl\/de\/wp-content\/themes\/happyhorizon\/dist\/happyhorizon-icons-a48c7885c34f533ae7d82ab6f4d7de38.svg#arrow-btn\"\/>\n        <\/svg>\n    <\/div>\n\n    <figure class=\"snippet-square-image__image-container\">\n\n                    <img decoding=\"async\" loading=\"lazy\"\n                 class=\"snippet-square-image__image\"\n                 draggable=\"false\"\n                 srcset=\"https:\/\/www.oerlemansplastics.nl\/de\/wp-content\/uploads\/2024\/11\/ISO14001-5-320x320.jpg 1x, https:\/\/www.oerlemansplastics.nl\/de\/wp-content\/uploads\/2024\/11\/ISO14001-5.jpg 2x\"\n                 src=\"https:\/\/www.oerlemansplastics.nl\/de\/wp-content\/uploads\/2024\/11\/ISO14001-5-320x320.jpg\"\n                 alt=\"\"\n                 width=\"320px\"                 height=\"320px\"\/>\n        \n    <\/figure>\n\n    <\/a>\n<\/article>                    <\/div>\n                            <\/div>\n        <\/div>\n\n        <div class=\"block-square-image-slider__slider-pagination swiper-pagination\"><\/div>\n\n        <span class=\"block-square-image-slider__slider-button block-square-image-slider__slider-button--prev\">\n            <svg class=\"block-square-image-slider__slider-button-icon\">\n                <use xlink:href='https:\/\/www.oerlemansplastics.nl\/de\/wp-content\/themes\/happyhorizon\/dist\/happyhorizon-icons-a48c7885c34f533ae7d82ab6f4d7de38.svg#icon-arrow-left'\/>\n            <\/svg>\n        <\/span>\n\n        <span class=\"block-square-image-slider__slider-button block-square-image-slider__slider-button--next\">\n            <svg class=\"block-square-image-slider__slider-button-icon\">\n                <use xlink:href='https:\/\/www.oerlemansplastics.nl\/de\/wp-content\/themes\/happyhorizon\/dist\/happyhorizon-icons-a48c7885c34f533ae7d82ab6f4d7de38.svg#icon-arrow-right'\/>\n            <\/svg>\n        <\/span>\n\n    <\/section>\n\n\n\n\n\n\n    <section class=\"hh-block block-square-image-slider\"\n             data-mt=\"none\"             data-mb=\"large\">\n\n        <div class=\"block-square-image-slider__slider-container swiper-container\">\n            <div class=\"block-square-image-slider__wrapper swiper-wrapper\">\n                                    <div class=\"block-square-image-slider__slide swiper-slide\">\n                        \n<article class=\"snippet-square-image snippet-square-image--has-link snippet-square-image--has-image\">\n\n    <a class=\"snippet-square-image__link\" target=\"_blank\" draggable=\"false\" href=\"https:\/\/www.oerlemansplastics.nl\/de\/iso26000\/\">\n    <div class=\"snippet-square-image__overlay\">\n        <span class=\"snippet-square-image__overlay-text\">\n            iso26000        <\/span>\n        <svg class=\"snippet-square-image__overlay-icon\">\n            <use xlink:href=\"https:\/\/www.oerlemansplastics.nl\/de\/wp-content\/themes\/happyhorizon\/dist\/happyhorizon-icons-a48c7885c34f533ae7d82ab6f4d7de38.svg#arrow-btn\"\/>\n        <\/svg>\n    <\/div>\n\n    <figure class=\"snippet-square-image__image-container\">\n\n                    <img decoding=\"async\" loading=\"lazy\"\n                 class=\"snippet-square-image__image\"\n                 draggable=\"false\"\n                 srcset=\"https:\/\/www.oerlemansplastics.nl\/de\/wp-content\/uploads\/2024\/10\/certificaten-website-320x320.jpg 1x, https:\/\/www.oerlemansplastics.nl\/de\/wp-content\/uploads\/2024\/10\/certificaten-website.jpg 2x\"\n                 src=\"https:\/\/www.oerlemansplastics.nl\/de\/wp-content\/uploads\/2024\/10\/certificaten-website-320x320.jpg\"\n                 alt=\"\"\n                 width=\"320px\"                 height=\"320px\"\/>\n        \n    <\/figure>\n\n    <\/a>\n<\/article>                    <\/div>\n                                    <div class=\"block-square-image-slider__slide swiper-slide\">\n                        \n<article class=\"snippet-square-image snippet-square-image--has-link snippet-square-image--has-image\">\n\n    <a class=\"snippet-square-image__link\" target=\"_blank\" draggable=\"false\" href=\"https:\/\/www.oerlemansplastics.nl\/de\/koscher\/\">\n    <div class=\"snippet-square-image__overlay\">\n        <span class=\"snippet-square-image__overlay-text\">\n            koscher        <\/span>\n        <svg class=\"snippet-square-image__overlay-icon\">\n            <use xlink:href=\"https:\/\/www.oerlemansplastics.nl\/de\/wp-content\/themes\/happyhorizon\/dist\/happyhorizon-icons-a48c7885c34f533ae7d82ab6f4d7de38.svg#arrow-btn\"\/>\n        <\/svg>\n    <\/div>\n\n    <figure class=\"snippet-square-image__image-container\">\n\n                    <img decoding=\"async\" loading=\"lazy\"\n                 class=\"snippet-square-image__image\"\n                 draggable=\"false\"\n                 srcset=\"https:\/\/www.oerlemansplastics.nl\/de\/wp-content\/uploads\/2024\/10\/certificaten-website-6-320x320.jpg 1x, https:\/\/www.oerlemansplastics.nl\/de\/wp-content\/uploads\/2024\/10\/certificaten-website-6.jpg 2x\"\n                 src=\"https:\/\/www.oerlemansplastics.nl\/de\/wp-content\/uploads\/2024\/10\/certificaten-website-6-320x320.jpg\"\n                 alt=\"\"\n                 width=\"320px\"                 height=\"320px\"\/>\n        \n    <\/figure>\n\n    <\/a>\n<\/article>                    <\/div>\n                                    <div class=\"block-square-image-slider__slide swiper-slide\">\n                        \n<article class=\"snippet-square-image snippet-square-image--has-link snippet-square-image--has-image\">\n\n    <a class=\"snippet-square-image__link\" target=\"_blank\" draggable=\"false\" href=\"https:\/\/www.oerlemansplastics.nl\/de\/recyclass\/\">\n    <div class=\"snippet-square-image__overlay\">\n        <span class=\"snippet-square-image__overlay-text\">\n            Recyclass        <\/span>\n        <svg class=\"snippet-square-image__overlay-icon\">\n            <use xlink:href=\"https:\/\/www.oerlemansplastics.nl\/de\/wp-content\/themes\/happyhorizon\/dist\/happyhorizon-icons-a48c7885c34f533ae7d82ab6f4d7de38.svg#arrow-btn\"\/>\n        <\/svg>\n    <\/div>\n\n    <figure class=\"snippet-square-image__image-container\">\n\n                    <img decoding=\"async\" loading=\"lazy\"\n                 class=\"snippet-square-image__image\"\n                 draggable=\"false\"\n                 srcset=\"https:\/\/www.oerlemansplastics.nl\/de\/wp-content\/uploads\/2025\/11\/OTC-beeld-optilayer-3-320x320.jpg 1x, https:\/\/www.oerlemansplastics.nl\/de\/wp-content\/uploads\/2025\/11\/OTC-beeld-optilayer-3-640x640.jpg 2x\"\n                 src=\"https:\/\/www.oerlemansplastics.nl\/de\/wp-content\/uploads\/2025\/11\/OTC-beeld-optilayer-3-320x320.jpg\"\n                 alt=\"\"\n                 width=\"320px\"                 height=\"320px\"\/>\n        \n    <\/figure>\n\n    <\/a>\n<\/article>                    <\/div>\n                            <\/div>\n        <\/div>\n\n        <div class=\"block-square-image-slider__slider-pagination swiper-pagination\"><\/div>\n\n        <span class=\"block-square-image-slider__slider-button block-square-image-slider__slider-button--prev\">\n            <svg class=\"block-square-image-slider__slider-button-icon\">\n                <use xlink:href='https:\/\/www.oerlemansplastics.nl\/de\/wp-content\/themes\/happyhorizon\/dist\/happyhorizon-icons-a48c7885c34f533ae7d82ab6f4d7de38.svg#icon-arrow-left'\/>\n            <\/svg>\n        <\/span>\n\n        <span class=\"block-square-image-slider__slider-button block-square-image-slider__slider-button--next\">\n            <svg class=\"block-square-image-slider__slider-button-icon\">\n                <use xlink:href='https:\/\/www.oerlemansplastics.nl\/de\/wp-content\/themes\/happyhorizon\/dist\/happyhorizon-icons-a48c7885c34f533ae7d82ab6f4d7de38.svg#icon-arrow-right'\/>\n            <\/svg>\n        <\/span>\n\n    <\/section>\n\n\n\n<p class=\"hh-block block-paragraph block-paragraph--id-69e294df870a1\"data-mb=\"small\">Alle Unternehmen der OPACKGROUP sind Mitglieder von EFTA-Benelux. Dies ist ein Fachverband von Unternehmen, die sich auf das Flexodruckverfahren spezialisiert haben.<\/p>","protected":false},"excerpt":{"rendered":"","protected":false},"author":2,"featured_media":0,"parent":490,"menu_order":19,"comment_status":"closed","ping_status":"closed","template":"","meta":{"_acf_changed":false,"footnotes":""},"class_list":["post-3389","page","type-page","status-publish","hentry"],"acf":[],"yoast_head":"<title>Qualit\u00e4tsstandards - Oerlemans Plastics<\/title>\n<meta name=\"description\" content=\"Qualit\u00e4t ist wichtig f\u00fcr Sie und f\u00fcr uns. Entdecken Sie hier wichtige Qualit\u00e4tsstandards und das Zertifikat von z.B. Ecovadis, BRC und ISO,\" \/>\n<meta name=\"robots\" content=\"index, follow, max-snippet:-1, max-image-preview:large, max-video-preview:-1\" \/>\n<link rel=\"canonical\" href=\"https:\/\/www.oerlemansplastics.nl\/de\/uber-uns\/qualitaetsstandards-1\/\" \/>\n<meta property=\"og:locale\" content=\"de_DE\" \/>\n<meta property=\"og:type\" content=\"article\" \/>\n<meta property=\"og:title\" content=\"Qualit\u00e4tsstandards - Oerlemans Plastics\" \/>\n<meta property=\"og:description\" content=\"Qualit\u00e4t ist wichtig f\u00fcr Sie und f\u00fcr uns. Entdecken Sie hier wichtige Qualit\u00e4tsstandards und das Zertifikat von z.B. Ecovadis, BRC und ISO,\" \/>\n<meta property=\"og:url\" content=\"https:\/\/www.oerlemansplastics.nl\/de\/uber-uns\/qualitaetsstandards-1\/\" \/>\n<meta property=\"og:site_name\" content=\"Oerlemans Plastics\" \/>\n<meta property=\"article:modified_time\" content=\"2025-11-03T12:53:52+00:00\" \/>\n<meta name=\"twitter:card\" content=\"summary_large_image\" \/>\n<meta name=\"twitter:label1\" content=\"Gesch\u00e4tzte Lesezeit\" \/>\n\t<meta name=\"twitter:data1\" content=\"1\u00a0Minute\" \/>\n<script type=\"application\/ld+json\" class=\"yoast-schema-graph\">{\"@context\":\"https:\/\/schema.org\",\"@graph\":[{\"@type\":\"WebPage\",\"@id\":\"https:\/\/www.oerlemansplastics.nl\/de\/uber-uns\/qualitaetsstandards-1\/\",\"url\":\"https:\/\/www.oerlemansplastics.nl\/de\/uber-uns\/qualitaetsstandards-1\/\",\"name\":\"Qualit\u00e4tsstandards - Oerlemans Plastics\",\"isPartOf\":{\"@id\":\"https:\/\/www.oerlemansplastics.nl\/de\/#website\"},\"datePublished\":\"2024-11-27T12:22:05+00:00\",\"dateModified\":\"2025-11-03T12:53:52+00:00\",\"description\":\"Qualit\u00e4t ist wichtig f\u00fcr Sie und f\u00fcr uns. Entdecken Sie hier wichtige Qualit\u00e4tsstandards und das Zertifikat von z.B. Ecovadis, BRC und ISO,\",\"breadcrumb\":{\"@id\":\"https:\/\/www.oerlemansplastics.nl\/de\/uber-uns\/qualitaetsstandards-1\/#breadcrumb\"},\"inLanguage\":\"de\",\"potentialAction\":[{\"@type\":\"ReadAction\",\"target\":[\"https:\/\/www.oerlemansplastics.nl\/de\/uber-uns\/qualitaetsstandards-1\/\"]}]},{\"@type\":\"BreadcrumbList\",\"@id\":\"https:\/\/www.oerlemansplastics.nl\/de\/uber-uns\/qualitaetsstandards-1\/#breadcrumb\",\"itemListElement\":[{\"@type\":\"ListItem\",\"position\":1,\"name\":\"Home\",\"item\":\"https:\/\/www.oerlemansplastics.nl\/de\/\"},{\"@type\":\"ListItem\",\"position\":2,\"name\":\"\u00dcber uns\",\"item\":\"https:\/\/www.oerlemansplastics.nl\/de\/uber-uns\/\"},{\"@type\":\"ListItem\",\"position\":3,\"name\":\"Qualit\u00e4tsstandards\"}]},{\"@type\":\"WebSite\",\"@id\":\"https:\/\/www.oerlemansplastics.nl\/de\/#website\",\"url\":\"https:\/\/www.oerlemansplastics.nl\/de\/\",\"name\":\"Oerlemans Plastics\",\"description\":\"The sustainable innovator\",\"potentialAction\":[{\"@type\":\"SearchAction\",\"target\":{\"@type\":\"EntryPoint\",\"urlTemplate\":\"https:\/\/www.oerlemansplastics.nl\/de\/?suchanfrage={search_term_string}\"},\"query-input\":{\"@type\":\"PropertyValueSpecification\",\"valueRequired\":true,\"valueName\":\"search_term_string\"}}],\"inLanguage\":\"de\"}]}<\/script>","yoast_head_json":{"title":"Qualit\u00e4tsstandards - Oerlemans Plastics","description":"Qualit\u00e4t ist wichtig f\u00fcr Sie und f\u00fcr uns. Entdecken Sie hier wichtige Qualit\u00e4tsstandards und das Zertifikat von z.B. Ecovadis, BRC und ISO,","robots":{"index":"index","follow":"follow","max-snippet":"max-snippet:-1","max-image-preview":"max-image-preview:large","max-video-preview":"max-video-preview:-1"},"canonical":"https:\/\/www.oerlemansplastics.nl\/de\/uber-uns\/qualitaetsstandards-1\/","og_locale":"de_DE","og_type":"article","og_title":"Qualit\u00e4tsstandards - Oerlemans Plastics","og_description":"Qualit\u00e4t ist wichtig f\u00fcr Sie und f\u00fcr uns. Entdecken Sie hier wichtige Qualit\u00e4tsstandards und das Zertifikat von z.B. Ecovadis, BRC und ISO,","og_url":"https:\/\/www.oerlemansplastics.nl\/de\/uber-uns\/qualitaetsstandards-1\/","og_site_name":"Oerlemans Plastics","article_modified_time":"2025-11-03T12:53:52+00:00","twitter_card":"summary_large_image","twitter_misc":{"Gesch\u00e4tzte Lesezeit":"1\u00a0Minute"},"schema":{"@context":"https:\/\/schema.org","@graph":[{"@type":"WebPage","@id":"https:\/\/www.oerlemansplastics.nl\/de\/uber-uns\/qualitaetsstandards-1\/","url":"https:\/\/www.oerlemansplastics.nl\/de\/uber-uns\/qualitaetsstandards-1\/","name":"Qualit\u00e4tsstandards - Oerlemans Plastics","isPartOf":{"@id":"https:\/\/www.oerlemansplastics.nl\/de\/#website"},"datePublished":"2024-11-27T12:22:05+00:00","dateModified":"2025-11-03T12:53:52+00:00","description":"Qualit\u00e4t ist wichtig f\u00fcr Sie und f\u00fcr uns. Entdecken Sie hier wichtige Qualit\u00e4tsstandards und das Zertifikat von z.B. Ecovadis, BRC und ISO,","breadcrumb":{"@id":"https:\/\/www.oerlemansplastics.nl\/de\/uber-uns\/qualitaetsstandards-1\/#breadcrumb"},"inLanguage":"de","potentialAction":[{"@type":"ReadAction","target":["https:\/\/www.oerlemansplastics.nl\/de\/uber-uns\/qualitaetsstandards-1\/"]}]},{"@type":"BreadcrumbList","@id":"https:\/\/www.oerlemansplastics.nl\/de\/uber-uns\/qualitaetsstandards-1\/#breadcrumb","itemListElement":[{"@type":"ListItem","position":1,"name":"Home","item":"https:\/\/www.oerlemansplastics.nl\/de\/"},{"@type":"ListItem","position":2,"name":"\u00dcber uns","item":"https:\/\/www.oerlemansplastics.nl\/de\/uber-uns\/"},{"@type":"ListItem","position":3,"name":"Qualit\u00e4tsstandards"}]},{"@type":"WebSite","@id":"https:\/\/www.oerlemansplastics.nl\/de\/#website","url":"https:\/\/www.oerlemansplastics.nl\/de\/","name":"Oerlemans Plastics","description":"The sustainable innovator","potentialAction":[{"@type":"SearchAction","target":{"@type":"EntryPoint","urlTemplate":"https:\/\/www.oerlemansplastics.nl\/de\/?suchanfrage={search_term_string}"},"query-input":{"@type":"PropertyValueSpecification","valueRequired":true,"valueName":"search_term_string"}}],"inLanguage":"de"}]}},"_links":{"self":[{"href":"https:\/\/www.oerlemansplastics.nl\/de\/wp-json\/wp\/v2\/pages\/3389","targetHints":{"allow":["GET"]}}],"collection":[{"href":"https:\/\/www.oerlemansplastics.nl\/de\/wp-json\/wp\/v2\/pages"}],"about":[{"href":"https:\/\/www.oerlemansplastics.nl\/de\/wp-json\/wp\/v2\/types\/page"}],"author":[{"embeddable":true,"href":"https:\/\/www.oerlemansplastics.nl\/de\/wp-json\/wp\/v2\/users\/2"}],"replies":[{"embeddable":true,"href":"https:\/\/www.oerlemansplastics.nl\/de\/wp-json\/wp\/v2\/comments?post=3389"}],"version-history":[{"count":8,"href":"https:\/\/www.oerlemansplastics.nl\/de\/wp-json\/wp\/v2\/pages\/3389\/revisions"}],"predecessor-version":[{"id":3791,"href":"https:\/\/www.oerlemansplastics.nl\/de\/wp-json\/wp\/v2\/pages\/3389\/revisions\/3791"}],"up":[{"embeddable":true,"href":"https:\/\/www.oerlemansplastics.nl\/de\/wp-json\/wp\/v2\/pages\/490"}],"wp:attachment":[{"href":"https:\/\/www.oerlemansplastics.nl\/de\/wp-json\/wp\/v2\/media?parent=3389"}],"curies":[{"name":"wp","href":"https:\/\/api.w.org\/{rel}","templated":true}]}}