{"id":3236,"date":"2024-07-10T10:24:57","date_gmt":"2024-07-10T08:24:57","guid":{"rendered":"https:\/\/www.oerlemansplastics.nl\/de\/?page_id=3236"},"modified":"2025-01-29T15:19:13","modified_gmt":"2025-01-29T14:19:13","slug":"konfektionierung","status":"publish","type":"page","link":"https:\/\/www.oerlemansplastics.nl\/de\/produktion\/konfektionierung\/","title":{"rendered":"Konfektionierung"},"content":{"rendered":"<p class=\"hh-block block-paragraph block-paragraph--id-69e2edf9838bb\"data-mb=\"small\">Unsere Spezialisten verarbeiten in der Konfektionierung viele Qualit\u00e4ten, zum Beispiel Folien aus Polyethylen. Polyethylen ist ein weit verbreiteter Kunststoff. Dieses Produkt bietet hervorragende Eigenschaften in Bezug auf Lebensmittelsicherheit und Haltbarkeit, was es zu einer verantwortungsvollen Wahl f\u00fcr viele Anwendungen macht. Dar\u00fcber hinaus werden in der Konfektionierung auch Folien verarbeitet, die kompostierbar sind.<\/p>\n\n\n<div class=\"hh-block block-row\"data-mb=\"regular\">\n    <div class=\"block-row__row row block-row__row--preset-1\/2|1\/2 block-row__row--align-stretch\">\n                \n\n<div class=\"hh-block block-column col col--1 col--lg-1\/2\">\n    \n<p class=\"hh-block block-paragraph block-paragraph--id-69e2edf9839cd\"data-mb=\"small\">Bei Oerlemans Plastics streben wir weiterhin nach Innovation und Nachhaltigkeit in allen unseren Prozessen. Unsere Konfektionierung ist ein anschauliches Beispiel daf\u00fcr, wie wir moderne Technologie und Fachwissen kombinieren, um flexible Verpackungsl\u00f6sungen zu liefern, die die Anforderungen unserer Kunden erf\u00fcllen und zu einer nachhaltigeren Zukunft beitragen!<\/p>\n<\/div>\n\n\n<div class=\"hh-block block-column col col--1 col--lg-1\/2\">\n    \n\n    <div class=\"hh-block block-image\"\n         data-mt=\"none\"         data-mb=\"small\"         data-horizontal-align=\"right\"\n         data-vertical-align=\"centered\"\n         data-mobile-align=\"centered\">\n\n         \n        <figure class=\"block-image__inner\" style=\"max-width: 400px\">\n\n            \n            \n            <div class=\"block-image__image-container\">\n\n            \n                <picture class=\"block-image__picture\" draggable=\"false\">\n  <source media=\"(min-width: 414px)\" srcset=\"https:\/\/www.oerlemansplastics.nl\/de\/wp-content\/uploads\/2024\/07\/Wikkelafdeling-1-productieOerlemans-Plastics-Genderen-1-400x300.jpg\" width=\"400\" height=\"300\" \/>\n  <source media=\"(min-width: 0px)\" srcset=\"https:\/\/www.oerlemansplastics.nl\/de\/wp-content\/uploads\/2024\/07\/Wikkelafdeling-1-productieOerlemans-Plastics-Genderen-1-360x240.jpg 1x, https:\/\/www.oerlemansplastics.nl\/de\/wp-content\/uploads\/2024\/07\/Wikkelafdeling-1-productieOerlemans-Plastics-Genderen-1-720x480.jpg 2x\" width=\"360\" height=\"240\" \/>\n  <img class=\"block-image__image\" draggable=\"false\" decoding=\"async\" loading=\"lazy\" src=\"https:\/\/www.oerlemansplastics.nl\/de\/wp-content\/uploads\/2024\/07\/Wikkelafdeling-1-productieOerlemans-Plastics-Genderen-1-400x300.jpg\" alt=\"\" width=\"400\" height=\"300\" \/>\n<\/picture>\n                                    <div\n                        class=\"block-image__holder block-image__holder--desktop\"\n                        style=\"aspect-ratio: 400\/300; max-width: 400px\">\n                    <\/div>\n                \n                                    <div\n                        class=\"block-image__holder block-image__holder--mobile\"\n                        style=\"aspect-ratio: 360\/240; max-width: 360px\">\n                    <\/div>\n                \n                                \n            <\/div>\n\n                        \n\n            \n            \n            \n            \n        <\/figure>\n\n        \n    <\/div>\n\n\n<\/div>\n            <\/div>\n<\/div>\n","protected":false},"excerpt":{"rendered":"","protected":false},"author":2,"featured_media":0,"parent":1048,"menu_order":27,"comment_status":"closed","ping_status":"closed","template":"","meta":{"_acf_changed":false,"footnotes":""},"class_list":["post-3236","page","type-page","status-publish","hentry"],"acf":[],"yoast_head":"<title>Konfektionierung - Oerlemans Plastics<\/title>\n<meta name=\"description\" content=\"Die Produktion bei Oerlemans Plastics umfasst auch der Konfektionieren. Lesen Sie hier mehr \u00fcber die Konfektionierungsabteilung und erfahren Sie, was hier passiert.\" \/>\n<meta name=\"robots\" content=\"index, follow, max-snippet:-1, max-image-preview:large, max-video-preview:-1\" \/>\n<link rel=\"canonical\" href=\"https:\/\/www.oerlemansplastics.nl\/de\/produktion\/konfektionierung\/\" \/>\n<meta property=\"og:locale\" content=\"de_DE\" \/>\n<meta property=\"og:type\" content=\"article\" \/>\n<meta property=\"og:title\" content=\"Konfektionierung - Oerlemans Plastics\" \/>\n<meta property=\"og:description\" content=\"Die Produktion bei Oerlemans Plastics umfasst auch der Konfektionieren. Lesen Sie hier mehr \u00fcber die Konfektionierungsabteilung und erfahren Sie, was hier passiert.\" \/>\n<meta property=\"og:url\" content=\"https:\/\/www.oerlemansplastics.nl\/de\/produktion\/konfektionierung\/\" \/>\n<meta property=\"og:site_name\" content=\"Oerlemans Plastics\" \/>\n<meta property=\"article:modified_time\" content=\"2025-01-29T14:19:13+00:00\" \/>\n<meta name=\"twitter:card\" content=\"summary_large_image\" \/>\n<meta name=\"twitter:label1\" content=\"Gesch\u00e4tzte Lesezeit\" \/>\n\t<meta name=\"twitter:data1\" content=\"1\u00a0Minute\" \/>\n<script type=\"application\/ld+json\" class=\"yoast-schema-graph\">{\"@context\":\"https:\/\/schema.org\",\"@graph\":[{\"@type\":\"WebPage\",\"@id\":\"https:\/\/www.oerlemansplastics.nl\/de\/produktion\/konfektionierung\/\",\"url\":\"https:\/\/www.oerlemansplastics.nl\/de\/produktion\/konfektionierung\/\",\"name\":\"Konfektionierung - Oerlemans Plastics\",\"isPartOf\":{\"@id\":\"https:\/\/www.oerlemansplastics.nl\/de\/#website\"},\"datePublished\":\"2024-07-10T08:24:57+00:00\",\"dateModified\":\"2025-01-29T14:19:13+00:00\",\"description\":\"Die Produktion bei Oerlemans Plastics umfasst auch der Konfektionieren. Lesen Sie hier mehr \u00fcber die Konfektionierungsabteilung und erfahren Sie, was hier passiert.\",\"breadcrumb\":{\"@id\":\"https:\/\/www.oerlemansplastics.nl\/de\/produktion\/konfektionierung\/#breadcrumb\"},\"inLanguage\":\"de\",\"potentialAction\":[{\"@type\":\"ReadAction\",\"target\":[\"https:\/\/www.oerlemansplastics.nl\/de\/produktion\/konfektionierung\/\"]}]},{\"@type\":\"BreadcrumbList\",\"@id\":\"https:\/\/www.oerlemansplastics.nl\/de\/produktion\/konfektionierung\/#breadcrumb\",\"itemListElement\":[{\"@type\":\"ListItem\",\"position\":1,\"name\":\"Home\",\"item\":\"https:\/\/www.oerlemansplastics.nl\/de\/\"},{\"@type\":\"ListItem\",\"position\":2,\"name\":\"Produktion\",\"item\":\"https:\/\/www.oerlemansplastics.nl\/de\/produktion\/\"},{\"@type\":\"ListItem\",\"position\":3,\"name\":\"Konfektionierung\"}]},{\"@type\":\"WebSite\",\"@id\":\"https:\/\/www.oerlemansplastics.nl\/de\/#website\",\"url\":\"https:\/\/www.oerlemansplastics.nl\/de\/\",\"name\":\"Oerlemans Plastics\",\"description\":\"The sustainable innovator\",\"potentialAction\":[{\"@type\":\"SearchAction\",\"target\":{\"@type\":\"EntryPoint\",\"urlTemplate\":\"https:\/\/www.oerlemansplastics.nl\/de\/?suchanfrage={search_term_string}\"},\"query-input\":{\"@type\":\"PropertyValueSpecification\",\"valueRequired\":true,\"valueName\":\"search_term_string\"}}],\"inLanguage\":\"de\"}]}<\/script>","yoast_head_json":{"title":"Konfektionierung - Oerlemans Plastics","description":"Die Produktion bei Oerlemans Plastics umfasst auch der Konfektionieren. Lesen Sie hier mehr \u00fcber die Konfektionierungsabteilung und erfahren Sie, was hier passiert.","robots":{"index":"index","follow":"follow","max-snippet":"max-snippet:-1","max-image-preview":"max-image-preview:large","max-video-preview":"max-video-preview:-1"},"canonical":"https:\/\/www.oerlemansplastics.nl\/de\/produktion\/konfektionierung\/","og_locale":"de_DE","og_type":"article","og_title":"Konfektionierung - Oerlemans Plastics","og_description":"Die Produktion bei Oerlemans Plastics umfasst auch der Konfektionieren. Lesen Sie hier mehr \u00fcber die Konfektionierungsabteilung und erfahren Sie, was hier passiert.","og_url":"https:\/\/www.oerlemansplastics.nl\/de\/produktion\/konfektionierung\/","og_site_name":"Oerlemans Plastics","article_modified_time":"2025-01-29T14:19:13+00:00","twitter_card":"summary_large_image","twitter_misc":{"Gesch\u00e4tzte Lesezeit":"1\u00a0Minute"},"schema":{"@context":"https:\/\/schema.org","@graph":[{"@type":"WebPage","@id":"https:\/\/www.oerlemansplastics.nl\/de\/produktion\/konfektionierung\/","url":"https:\/\/www.oerlemansplastics.nl\/de\/produktion\/konfektionierung\/","name":"Konfektionierung - Oerlemans Plastics","isPartOf":{"@id":"https:\/\/www.oerlemansplastics.nl\/de\/#website"},"datePublished":"2024-07-10T08:24:57+00:00","dateModified":"2025-01-29T14:19:13+00:00","description":"Die Produktion bei Oerlemans Plastics umfasst auch der Konfektionieren. Lesen Sie hier mehr \u00fcber die Konfektionierungsabteilung und erfahren Sie, was hier passiert.","breadcrumb":{"@id":"https:\/\/www.oerlemansplastics.nl\/de\/produktion\/konfektionierung\/#breadcrumb"},"inLanguage":"de","potentialAction":[{"@type":"ReadAction","target":["https:\/\/www.oerlemansplastics.nl\/de\/produktion\/konfektionierung\/"]}]},{"@type":"BreadcrumbList","@id":"https:\/\/www.oerlemansplastics.nl\/de\/produktion\/konfektionierung\/#breadcrumb","itemListElement":[{"@type":"ListItem","position":1,"name":"Home","item":"https:\/\/www.oerlemansplastics.nl\/de\/"},{"@type":"ListItem","position":2,"name":"Produktion","item":"https:\/\/www.oerlemansplastics.nl\/de\/produktion\/"},{"@type":"ListItem","position":3,"name":"Konfektionierung"}]},{"@type":"WebSite","@id":"https:\/\/www.oerlemansplastics.nl\/de\/#website","url":"https:\/\/www.oerlemansplastics.nl\/de\/","name":"Oerlemans Plastics","description":"The sustainable innovator","potentialAction":[{"@type":"SearchAction","target":{"@type":"EntryPoint","urlTemplate":"https:\/\/www.oerlemansplastics.nl\/de\/?suchanfrage={search_term_string}"},"query-input":{"@type":"PropertyValueSpecification","valueRequired":true,"valueName":"search_term_string"}}],"inLanguage":"de"}]}},"_links":{"self":[{"href":"https:\/\/www.oerlemansplastics.nl\/de\/wp-json\/wp\/v2\/pages\/3236","targetHints":{"allow":["GET"]}}],"collection":[{"href":"https:\/\/www.oerlemansplastics.nl\/de\/wp-json\/wp\/v2\/pages"}],"about":[{"href":"https:\/\/www.oerlemansplastics.nl\/de\/wp-json\/wp\/v2\/types\/page"}],"author":[{"embeddable":true,"href":"https:\/\/www.oerlemansplastics.nl\/de\/wp-json\/wp\/v2\/users\/2"}],"replies":[{"embeddable":true,"href":"https:\/\/www.oerlemansplastics.nl\/de\/wp-json\/wp\/v2\/comments?post=3236"}],"version-history":[{"count":11,"href":"https:\/\/www.oerlemansplastics.nl\/de\/wp-json\/wp\/v2\/pages\/3236\/revisions"}],"predecessor-version":[{"id":3261,"href":"https:\/\/www.oerlemansplastics.nl\/de\/wp-json\/wp\/v2\/pages\/3236\/revisions\/3261"}],"up":[{"embeddable":true,"href":"https:\/\/www.oerlemansplastics.nl\/de\/wp-json\/wp\/v2\/pages\/1048"}],"wp:attachment":[{"href":"https:\/\/www.oerlemansplastics.nl\/de\/wp-json\/wp\/v2\/media?parent=3236"}],"curies":[{"name":"wp","href":"https:\/\/api.w.org\/{rel}","templated":true}]}}