{"id":1067,"date":"2023-07-17T15:47:08","date_gmt":"2023-07-17T13:47:08","guid":{"rendered":"https:\/\/www.oerlemansplastics.nl\/de\/?page_id=1067"},"modified":"2025-01-29T15:20:17","modified_gmt":"2025-01-29T14:20:17","slug":"produktbearbeitung","status":"publish","type":"page","link":"https:\/\/www.oerlemansplastics.nl\/de\/produktion\/produktbearbeitung\/","title":{"rendered":"Produktbearbeitung"},"content":{"rendered":"<p class=\"hh-block block-paragraph block-paragraph--id-69d00608e1481\"data-mb=\"small\">Mit modernen Siegelmaschinen k\u00f6nnen wir alle Qualit\u00e4tsanforderungen erf\u00fcllen, die an uns gestellt werden. Dadurch sind unsere Folienprodukte unter anderem auch f\u00fcr die Lebensmittel- und Pharmaindustrie geeignet. Die Kombination von modernsten Maschinen mit der langj\u00e4hrigen Erfahrung unserer Mitarbeiterinnen und Mitarbeiter ergibt ein ausgezeichnetes Produkt, das mit gr\u00f6\u00dfter Sorgfalt hergestellt wird.<\/p>\n\n<p class=\"hh-block block-paragraph block-paragraph--id-69d00608e1565\"data-mb=\"small\"><\/p>\n\n<p class=\"hh-block block-paragraph block-paragraph--id-69d00608e15ff\"data-mb=\"small\"><\/p>\n\n<p class=\"hh-block block-paragraph block-paragraph--id-69d00608e166b\"data-mb=\"small\"><\/p>\n\n<p class=\"hh-block block-paragraph block-paragraph--id-69d00608e16ea\"data-mb=\"small\"><\/p>\n\n<p class=\"hh-block block-paragraph block-paragraph--id-69d00608e1780\"data-mb=\"small\"><\/p>","protected":false},"excerpt":{"rendered":"","protected":false},"author":2,"featured_media":0,"parent":1048,"menu_order":27,"comment_status":"closed","ping_status":"closed","template":"","meta":{"_acf_changed":false,"footnotes":""},"class_list":["post-1067","page","type-page","status-publish","hentry"],"acf":[],"yoast_head":"<title>Produktbearbeitung - Oerlemans Plastics<\/title>\n<meta name=\"description\" content=\"Die Produktion bei Oerlemans Plastics umfasst auch die Konvertierung. Lesen Sie hier mehr \u00fcber die Verarbeitungsabteilung und erfahren Sie es\" \/>\n<meta name=\"robots\" content=\"index, follow, max-snippet:-1, max-image-preview:large, max-video-preview:-1\" \/>\n<link rel=\"canonical\" href=\"https:\/\/www.oerlemansplastics.nl\/de\/produktion\/produktbearbeitung\/\" \/>\n<meta property=\"og:locale\" content=\"de_DE\" \/>\n<meta property=\"og:type\" content=\"article\" \/>\n<meta property=\"og:title\" content=\"Produktbearbeitung - Oerlemans Plastics\" \/>\n<meta property=\"og:description\" content=\"Die Produktion bei Oerlemans Plastics umfasst auch die Konvertierung. Lesen Sie hier mehr \u00fcber die Verarbeitungsabteilung und erfahren Sie es\" \/>\n<meta property=\"og:url\" content=\"https:\/\/www.oerlemansplastics.nl\/de\/produktion\/produktbearbeitung\/\" \/>\n<meta property=\"og:site_name\" content=\"Oerlemans Plastics\" \/>\n<meta property=\"article:modified_time\" content=\"2025-01-29T14:20:17+00:00\" \/>\n<meta name=\"twitter:card\" content=\"summary_large_image\" \/>\n<meta name=\"twitter:label1\" content=\"Gesch\u00e4tzte Lesezeit\" \/>\n\t<meta name=\"twitter:data1\" content=\"1\u00a0Minute\" \/>\n<script type=\"application\/ld+json\" class=\"yoast-schema-graph\">{\"@context\":\"https:\/\/schema.org\",\"@graph\":[{\"@type\":\"WebPage\",\"@id\":\"https:\/\/www.oerlemansplastics.nl\/de\/produktion\/produktbearbeitung\/\",\"url\":\"https:\/\/www.oerlemansplastics.nl\/de\/produktion\/produktbearbeitung\/\",\"name\":\"Produktbearbeitung - Oerlemans Plastics\",\"isPartOf\":{\"@id\":\"https:\/\/www.oerlemansplastics.nl\/de\/#website\"},\"datePublished\":\"2023-07-17T13:47:08+00:00\",\"dateModified\":\"2025-01-29T14:20:17+00:00\",\"description\":\"Die Produktion bei Oerlemans Plastics umfasst auch die Konvertierung. Lesen Sie hier mehr \u00fcber die Verarbeitungsabteilung und erfahren Sie es\",\"breadcrumb\":{\"@id\":\"https:\/\/www.oerlemansplastics.nl\/de\/produktion\/produktbearbeitung\/#breadcrumb\"},\"inLanguage\":\"de\",\"potentialAction\":[{\"@type\":\"ReadAction\",\"target\":[\"https:\/\/www.oerlemansplastics.nl\/de\/produktion\/produktbearbeitung\/\"]}]},{\"@type\":\"BreadcrumbList\",\"@id\":\"https:\/\/www.oerlemansplastics.nl\/de\/produktion\/produktbearbeitung\/#breadcrumb\",\"itemListElement\":[{\"@type\":\"ListItem\",\"position\":1,\"name\":\"Home\",\"item\":\"https:\/\/www.oerlemansplastics.nl\/de\/\"},{\"@type\":\"ListItem\",\"position\":2,\"name\":\"Produktion\",\"item\":\"https:\/\/www.oerlemansplastics.nl\/de\/produktion\/\"},{\"@type\":\"ListItem\",\"position\":3,\"name\":\"Produktbearbeitung\"}]},{\"@type\":\"WebSite\",\"@id\":\"https:\/\/www.oerlemansplastics.nl\/de\/#website\",\"url\":\"https:\/\/www.oerlemansplastics.nl\/de\/\",\"name\":\"Oerlemans Plastics\",\"description\":\"The sustainable innovator\",\"potentialAction\":[{\"@type\":\"SearchAction\",\"target\":{\"@type\":\"EntryPoint\",\"urlTemplate\":\"https:\/\/www.oerlemansplastics.nl\/de\/?suchanfrage={search_term_string}\"},\"query-input\":{\"@type\":\"PropertyValueSpecification\",\"valueRequired\":true,\"valueName\":\"search_term_string\"}}],\"inLanguage\":\"de\"}]}<\/script>","yoast_head_json":{"title":"Produktbearbeitung - Oerlemans Plastics","description":"Die Produktion bei Oerlemans Plastics umfasst auch die Konvertierung. Lesen Sie hier mehr \u00fcber die Verarbeitungsabteilung und erfahren Sie es","robots":{"index":"index","follow":"follow","max-snippet":"max-snippet:-1","max-image-preview":"max-image-preview:large","max-video-preview":"max-video-preview:-1"},"canonical":"https:\/\/www.oerlemansplastics.nl\/de\/produktion\/produktbearbeitung\/","og_locale":"de_DE","og_type":"article","og_title":"Produktbearbeitung - Oerlemans Plastics","og_description":"Die Produktion bei Oerlemans Plastics umfasst auch die Konvertierung. Lesen Sie hier mehr \u00fcber die Verarbeitungsabteilung und erfahren Sie es","og_url":"https:\/\/www.oerlemansplastics.nl\/de\/produktion\/produktbearbeitung\/","og_site_name":"Oerlemans Plastics","article_modified_time":"2025-01-29T14:20:17+00:00","twitter_card":"summary_large_image","twitter_misc":{"Gesch\u00e4tzte Lesezeit":"1\u00a0Minute"},"schema":{"@context":"https:\/\/schema.org","@graph":[{"@type":"WebPage","@id":"https:\/\/www.oerlemansplastics.nl\/de\/produktion\/produktbearbeitung\/","url":"https:\/\/www.oerlemansplastics.nl\/de\/produktion\/produktbearbeitung\/","name":"Produktbearbeitung - Oerlemans Plastics","isPartOf":{"@id":"https:\/\/www.oerlemansplastics.nl\/de\/#website"},"datePublished":"2023-07-17T13:47:08+00:00","dateModified":"2025-01-29T14:20:17+00:00","description":"Die Produktion bei Oerlemans Plastics umfasst auch die Konvertierung. Lesen Sie hier mehr \u00fcber die Verarbeitungsabteilung und erfahren Sie es","breadcrumb":{"@id":"https:\/\/www.oerlemansplastics.nl\/de\/produktion\/produktbearbeitung\/#breadcrumb"},"inLanguage":"de","potentialAction":[{"@type":"ReadAction","target":["https:\/\/www.oerlemansplastics.nl\/de\/produktion\/produktbearbeitung\/"]}]},{"@type":"BreadcrumbList","@id":"https:\/\/www.oerlemansplastics.nl\/de\/produktion\/produktbearbeitung\/#breadcrumb","itemListElement":[{"@type":"ListItem","position":1,"name":"Home","item":"https:\/\/www.oerlemansplastics.nl\/de\/"},{"@type":"ListItem","position":2,"name":"Produktion","item":"https:\/\/www.oerlemansplastics.nl\/de\/produktion\/"},{"@type":"ListItem","position":3,"name":"Produktbearbeitung"}]},{"@type":"WebSite","@id":"https:\/\/www.oerlemansplastics.nl\/de\/#website","url":"https:\/\/www.oerlemansplastics.nl\/de\/","name":"Oerlemans Plastics","description":"The sustainable innovator","potentialAction":[{"@type":"SearchAction","target":{"@type":"EntryPoint","urlTemplate":"https:\/\/www.oerlemansplastics.nl\/de\/?suchanfrage={search_term_string}"},"query-input":{"@type":"PropertyValueSpecification","valueRequired":true,"valueName":"search_term_string"}}],"inLanguage":"de"}]}},"_links":{"self":[{"href":"https:\/\/www.oerlemansplastics.nl\/de\/wp-json\/wp\/v2\/pages\/1067","targetHints":{"allow":["GET"]}}],"collection":[{"href":"https:\/\/www.oerlemansplastics.nl\/de\/wp-json\/wp\/v2\/pages"}],"about":[{"href":"https:\/\/www.oerlemansplastics.nl\/de\/wp-json\/wp\/v2\/types\/page"}],"author":[{"embeddable":true,"href":"https:\/\/www.oerlemansplastics.nl\/de\/wp-json\/wp\/v2\/users\/2"}],"replies":[{"embeddable":true,"href":"https:\/\/www.oerlemansplastics.nl\/de\/wp-json\/wp\/v2\/comments?post=1067"}],"version-history":[{"count":9,"href":"https:\/\/www.oerlemansplastics.nl\/de\/wp-json\/wp\/v2\/pages\/1067\/revisions"}],"predecessor-version":[{"id":3263,"href":"https:\/\/www.oerlemansplastics.nl\/de\/wp-json\/wp\/v2\/pages\/1067\/revisions\/3263"}],"up":[{"embeddable":true,"href":"https:\/\/www.oerlemansplastics.nl\/de\/wp-json\/wp\/v2\/pages\/1048"}],"wp:attachment":[{"href":"https:\/\/www.oerlemansplastics.nl\/de\/wp-json\/wp\/v2\/media?parent=1067"}],"curies":[{"name":"wp","href":"https:\/\/api.w.org\/{rel}","templated":true}]}}