{"id":1065,"date":"2023-07-17T15:46:42","date_gmt":"2023-07-17T13:46:42","guid":{"rendered":"https:\/\/www.oerlemansplastics.nl\/de\/?page_id=1065"},"modified":"2025-01-29T15:18:21","modified_gmt":"2025-01-29T14:18:21","slug":"druckerei","status":"publish","type":"page","link":"https:\/\/www.oerlemansplastics.nl\/de\/produktion\/druckerei\/","title":{"rendered":"Druckerei"},"content":{"rendered":"<p class=\"hh-block block-paragraph block-paragraph--id-69db889db4bee\"data-mb=\"small\">In Absprache mit unserer Forschungs- und Entwicklungsabteilung k\u00f6nnen wir die Folie auf unseren Druckmaschinen direkt nach dem Druckvorgang mit einer Spezialbeschichtung veredeln. Das kann bedeuten, dass die Folie ein gl\u00e4nzenderes oder auch matteres Erscheinungsbild bekommt. Wir k\u00f6nnen auch einen Ein- oder Zweikomponentenlack hinzuf\u00fcgen, der Ihren Aufdruck vor Kratzern und Witterungseinfl\u00fcssen sch\u00fctzt.<\/p>\n\n\n<div class=\"hh-block block-row\"data-mb=\"regular\">\n    <div class=\"block-row__row row block-row__row--preset-1\/2|1\/2 block-row__row--align-stretch\">\n                \n\n<div class=\"hh-block block-column col col--1 col--lg-1\/2\">\n    \n<p class=\"hh-block block-paragraph block-paragraph--id-69db889db4d8f\"data-mb=\"small\">Oerlemans Plastic arbeitet mit den renommierten Reprografen im ORC (OPACKGROUP Repro Centre) zusammen. Wir sind Ihr kompetenter Ansprechpartner f\u00fcr alle Ihre Fragen rund ums Bedrucken. Wir kennen uns nicht nur bestens mit den modernsten Flexodruck-Techniken aus, sondern sind auch erfahren in der Arbeit mit allen Arten von Bildtr\u00e4gern. Dadurch sind wir auch in der Lage, nahtlos zu drucken. Oerlemans Plastics ist Mitglied von EFTA-Benelux. Dies ist ein Fachverband von Unternehmen, die sich auf das Flexodruckverfahren spezialisiert haben. F\u00fcr weitere Informationen klicken Sie bitte <a href=\"https:\/\/www.efta.nl\/over-efta-benelux\/\" target=\"_blank\" rel=\"noreferrer noopener\">hier<\/a>.<\/p>\n<\/div>\n\n\n<div class=\"hh-block block-column col col--1 col--lg-1\/2\">\n    \n\n    <div class=\"hh-block block-image\"\n         data-mt=\"none\"         data-mb=\"small\"         data-horizontal-align=\"right\"\n         data-vertical-align=\"centered\"\n         data-mobile-align=\"centered\">\n\n         \n        <figure class=\"block-image__inner\" style=\"max-width: 400px\">\n\n            \n            \n            <div class=\"block-image__image-container\">\n\n            \n                <picture class=\"block-image__picture\" draggable=\"false\">\n  <source media=\"(min-width: 414px)\" srcset=\"https:\/\/www.oerlemansplastics.nl\/de\/wp-content\/uploads\/2024\/04\/OPL_Drukkerij_0547_51358-400x300.jpg\" width=\"400\" height=\"300\" \/>\n  <source media=\"(min-width: 0px)\" srcset=\"https:\/\/www.oerlemansplastics.nl\/de\/wp-content\/uploads\/2024\/04\/OPL_Drukkerij_0547_51358-360x240.jpg 1x, https:\/\/www.oerlemansplastics.nl\/de\/wp-content\/uploads\/2024\/04\/OPL_Drukkerij_0547_51358-720x480.jpg 2x\" width=\"360\" height=\"240\" \/>\n  <img class=\"block-image__image\" draggable=\"false\" decoding=\"async\" loading=\"lazy\" src=\"https:\/\/www.oerlemansplastics.nl\/de\/wp-content\/uploads\/2024\/04\/OPL_Drukkerij_0547_51358-400x300.jpg\" alt=\"\" width=\"400\" height=\"300\" \/>\n<\/picture>\n                                    <div\n                        class=\"block-image__holder block-image__holder--desktop\"\n                        style=\"aspect-ratio: 400\/300; max-width: 400px\">\n                    <\/div>\n                \n                                    <div\n                        class=\"block-image__holder block-image__holder--mobile\"\n                        style=\"aspect-ratio: 360\/240; max-width: 360px\">\n                    <\/div>\n                \n                                \n            <\/div>\n\n                        \n\n            \n            \n            \n            \n        <\/figure>\n\n        \n    <\/div>\n\n\n<\/div>\n            <\/div>\n<\/div>\n\n\n<p class=\"hh-block block-paragraph block-paragraph--id-69db889dbad82\"data-mb=\"small\"><\/p>","protected":false},"excerpt":{"rendered":"","protected":false},"author":2,"featured_media":0,"parent":1048,"menu_order":25,"comment_status":"closed","ping_status":"closed","template":"","meta":{"_acf_changed":false,"footnotes":""},"class_list":["post-1065","page","type-page","status-publish","hentry"],"acf":[],"yoast_head":"<title>Druckerei - Oerlemans Plastics<\/title>\n<meta name=\"description\" content=\"Die Produktion bei Oerlemans Plastics umfasst auch die Druckabteilung. Lesen Sie hier mehr \u00fcber die Druckabteilung und erfahren Sie, was hier passiert.\" \/>\n<meta name=\"robots\" content=\"index, follow, max-snippet:-1, max-image-preview:large, max-video-preview:-1\" \/>\n<link rel=\"canonical\" href=\"https:\/\/www.oerlemansplastics.nl\/de\/produktion\/druckerei\/\" \/>\n<meta property=\"og:locale\" content=\"de_DE\" \/>\n<meta property=\"og:type\" content=\"article\" \/>\n<meta property=\"og:title\" content=\"Druckerei - Oerlemans Plastics\" \/>\n<meta property=\"og:description\" content=\"Die Produktion bei Oerlemans Plastics umfasst auch die Druckabteilung. Lesen Sie hier mehr \u00fcber die Druckabteilung und erfahren Sie, was hier passiert.\" \/>\n<meta property=\"og:url\" content=\"https:\/\/www.oerlemansplastics.nl\/de\/produktion\/druckerei\/\" \/>\n<meta property=\"og:site_name\" content=\"Oerlemans Plastics\" \/>\n<meta property=\"article:modified_time\" content=\"2025-01-29T14:18:21+00:00\" \/>\n<meta name=\"twitter:card\" content=\"summary_large_image\" \/>\n<meta name=\"twitter:label1\" content=\"Gesch\u00e4tzte Lesezeit\" \/>\n\t<meta name=\"twitter:data1\" content=\"1\u00a0Minute\" \/>\n<script type=\"application\/ld+json\" class=\"yoast-schema-graph\">{\"@context\":\"https:\/\/schema.org\",\"@graph\":[{\"@type\":\"WebPage\",\"@id\":\"https:\/\/www.oerlemansplastics.nl\/de\/produktion\/druckerei\/\",\"url\":\"https:\/\/www.oerlemansplastics.nl\/de\/produktion\/druckerei\/\",\"name\":\"Druckerei - Oerlemans Plastics\",\"isPartOf\":{\"@id\":\"https:\/\/www.oerlemansplastics.nl\/de\/#website\"},\"datePublished\":\"2023-07-17T13:46:42+00:00\",\"dateModified\":\"2025-01-29T14:18:21+00:00\",\"description\":\"Die Produktion bei Oerlemans Plastics umfasst auch die Druckabteilung. Lesen Sie hier mehr \u00fcber die Druckabteilung und erfahren Sie, was hier passiert.\",\"breadcrumb\":{\"@id\":\"https:\/\/www.oerlemansplastics.nl\/de\/produktion\/druckerei\/#breadcrumb\"},\"inLanguage\":\"de\",\"potentialAction\":[{\"@type\":\"ReadAction\",\"target\":[\"https:\/\/www.oerlemansplastics.nl\/de\/produktion\/druckerei\/\"]}]},{\"@type\":\"BreadcrumbList\",\"@id\":\"https:\/\/www.oerlemansplastics.nl\/de\/produktion\/druckerei\/#breadcrumb\",\"itemListElement\":[{\"@type\":\"ListItem\",\"position\":1,\"name\":\"Home\",\"item\":\"https:\/\/www.oerlemansplastics.nl\/de\/\"},{\"@type\":\"ListItem\",\"position\":2,\"name\":\"Produktion\",\"item\":\"https:\/\/www.oerlemansplastics.nl\/de\/produktion\/\"},{\"@type\":\"ListItem\",\"position\":3,\"name\":\"Druckerei\"}]},{\"@type\":\"WebSite\",\"@id\":\"https:\/\/www.oerlemansplastics.nl\/de\/#website\",\"url\":\"https:\/\/www.oerlemansplastics.nl\/de\/\",\"name\":\"Oerlemans Plastics\",\"description\":\"The sustainable innovator\",\"potentialAction\":[{\"@type\":\"SearchAction\",\"target\":{\"@type\":\"EntryPoint\",\"urlTemplate\":\"https:\/\/www.oerlemansplastics.nl\/de\/?suchanfrage={search_term_string}\"},\"query-input\":{\"@type\":\"PropertyValueSpecification\",\"valueRequired\":true,\"valueName\":\"search_term_string\"}}],\"inLanguage\":\"de\"}]}<\/script>","yoast_head_json":{"title":"Druckerei - Oerlemans Plastics","description":"Die Produktion bei Oerlemans Plastics umfasst auch die Druckabteilung. Lesen Sie hier mehr \u00fcber die Druckabteilung und erfahren Sie, was hier passiert.","robots":{"index":"index","follow":"follow","max-snippet":"max-snippet:-1","max-image-preview":"max-image-preview:large","max-video-preview":"max-video-preview:-1"},"canonical":"https:\/\/www.oerlemansplastics.nl\/de\/produktion\/druckerei\/","og_locale":"de_DE","og_type":"article","og_title":"Druckerei - Oerlemans Plastics","og_description":"Die Produktion bei Oerlemans Plastics umfasst auch die Druckabteilung. Lesen Sie hier mehr \u00fcber die Druckabteilung und erfahren Sie, was hier passiert.","og_url":"https:\/\/www.oerlemansplastics.nl\/de\/produktion\/druckerei\/","og_site_name":"Oerlemans Plastics","article_modified_time":"2025-01-29T14:18:21+00:00","twitter_card":"summary_large_image","twitter_misc":{"Gesch\u00e4tzte Lesezeit":"1\u00a0Minute"},"schema":{"@context":"https:\/\/schema.org","@graph":[{"@type":"WebPage","@id":"https:\/\/www.oerlemansplastics.nl\/de\/produktion\/druckerei\/","url":"https:\/\/www.oerlemansplastics.nl\/de\/produktion\/druckerei\/","name":"Druckerei - Oerlemans Plastics","isPartOf":{"@id":"https:\/\/www.oerlemansplastics.nl\/de\/#website"},"datePublished":"2023-07-17T13:46:42+00:00","dateModified":"2025-01-29T14:18:21+00:00","description":"Die Produktion bei Oerlemans Plastics umfasst auch die Druckabteilung. Lesen Sie hier mehr \u00fcber die Druckabteilung und erfahren Sie, was hier passiert.","breadcrumb":{"@id":"https:\/\/www.oerlemansplastics.nl\/de\/produktion\/druckerei\/#breadcrumb"},"inLanguage":"de","potentialAction":[{"@type":"ReadAction","target":["https:\/\/www.oerlemansplastics.nl\/de\/produktion\/druckerei\/"]}]},{"@type":"BreadcrumbList","@id":"https:\/\/www.oerlemansplastics.nl\/de\/produktion\/druckerei\/#breadcrumb","itemListElement":[{"@type":"ListItem","position":1,"name":"Home","item":"https:\/\/www.oerlemansplastics.nl\/de\/"},{"@type":"ListItem","position":2,"name":"Produktion","item":"https:\/\/www.oerlemansplastics.nl\/de\/produktion\/"},{"@type":"ListItem","position":3,"name":"Druckerei"}]},{"@type":"WebSite","@id":"https:\/\/www.oerlemansplastics.nl\/de\/#website","url":"https:\/\/www.oerlemansplastics.nl\/de\/","name":"Oerlemans Plastics","description":"The sustainable innovator","potentialAction":[{"@type":"SearchAction","target":{"@type":"EntryPoint","urlTemplate":"https:\/\/www.oerlemansplastics.nl\/de\/?suchanfrage={search_term_string}"},"query-input":{"@type":"PropertyValueSpecification","valueRequired":true,"valueName":"search_term_string"}}],"inLanguage":"de"}]}},"_links":{"self":[{"href":"https:\/\/www.oerlemansplastics.nl\/de\/wp-json\/wp\/v2\/pages\/1065","targetHints":{"allow":["GET"]}}],"collection":[{"href":"https:\/\/www.oerlemansplastics.nl\/de\/wp-json\/wp\/v2\/pages"}],"about":[{"href":"https:\/\/www.oerlemansplastics.nl\/de\/wp-json\/wp\/v2\/types\/page"}],"author":[{"embeddable":true,"href":"https:\/\/www.oerlemansplastics.nl\/de\/wp-json\/wp\/v2\/users\/2"}],"replies":[{"embeddable":true,"href":"https:\/\/www.oerlemansplastics.nl\/de\/wp-json\/wp\/v2\/comments?post=1065"}],"version-history":[{"count":20,"href":"https:\/\/www.oerlemansplastics.nl\/de\/wp-json\/wp\/v2\/pages\/1065\/revisions"}],"predecessor-version":[{"id":3209,"href":"https:\/\/www.oerlemansplastics.nl\/de\/wp-json\/wp\/v2\/pages\/1065\/revisions\/3209"}],"up":[{"embeddable":true,"href":"https:\/\/www.oerlemansplastics.nl\/de\/wp-json\/wp\/v2\/pages\/1048"}],"wp:attachment":[{"href":"https:\/\/www.oerlemansplastics.nl\/de\/wp-json\/wp\/v2\/media?parent=1065"}],"curies":[{"name":"wp","href":"https:\/\/api.w.org\/{rel}","templated":true}]}}