{"id":1060,"date":"2023-07-17T15:43:20","date_gmt":"2023-07-17T13:43:20","guid":{"rendered":"https:\/\/www.oerlemansplastics.nl\/de\/?page_id=1060"},"modified":"2024-02-13T10:15:30","modified_gmt":"2024-02-13T09:15:30","slug":"produktion-extrusion","status":"publish","type":"page","link":"https:\/\/www.oerlemansplastics.nl\/de\/produktion\/produktion-extrusion\/","title":{"rendered":"Extrusion"},"content":{"rendered":"<p class=\"hh-block block-paragraph block-paragraph--id-69ea915e69ceb\"data-mb=\"small\">Der moderne Maschinenpark von Oerlemans Plastic umfasst eine gro\u00dfe Anzahl von Extrudern. Auf einigen dieser Maschinen k\u00f6nnen wir auch Coex-Folie herstellen. Dabei handelt es sich um eine Folie, die aus mehreren Schichten besteht. Ein Beispiel daf\u00fcr ist ein Beutel f\u00fcr Blumenerde. Die Innenseite dieser Beutel ist oft schwarz, um das Licht zu blockieren, die Au\u00dfenseite ist wei\u00df, um einen sch\u00f6nen Aufdruck zu erm\u00f6glichen. So k\u00f6nnen wir der Folie verschiedene Eigenschaften verleihen, indem wir pro Schicht eine Farbe oder einen anderen Rohstoff hinzuf\u00fcgen.<\/p>\n\n\n<div class=\"hh-block block-row\"data-mb=\"regular\">\n    <div class=\"block-row__row row block-row__row--preset-2\/3|1\/3 block-row__row--align-stretch\">\n                \n\n<div class=\"hh-block block-column col col--1 col--lg-2\/3\">\n    \n<p class=\"hh-block block-paragraph block-paragraph--id-69ea915e69df8\"data-mb=\"small\">Die Mitarbeiter in unserer Extrusionsabteilung arbeiten in einem 3- oder 5-Schicht-System und werden intern umfassend ausgebildet. Unsere technische Abteilung sorgt mit vorbeugender Wartung daf\u00fcr, dass unser Maschinenpark stets auf dem neuesten Stand ist, und eventuelle St\u00f6rungen werden schnell behoben. So k\u00f6nnen wir unsere Qualit\u00e4t und Lieferzeit gew\u00e4hrleisten.<br>Im Jahr 2022 wurden zwei Coextruder in Betrieb genommen, auf denen Folien aus 7 Schichten hergestellt werden. Auf diesen Extrudern k\u00f6nnen wir z. B. Barrierefolien herstellen, die zu 100 % recycelbar sind.<br>Oerlemans Plastics ist seit 2004 BRCGS Packaging Materials-zertifiziert.<\/p>\n<\/div>\n\n\n<div class=\"hh-block block-column col col--1 col--lg-1\/3\">\n    \n\n    <div class=\"hh-block block-image\"\n         data-mt=\"none\"         data-mb=\"small\"         data-horizontal-align=\"right\"\n         data-vertical-align=\"top\"\n         data-mobile-align=\"centered\">\n\n         \n        <figure class=\"block-image__inner\" style=\"max-width: 400px\">\n\n            \n            \n            <div class=\"block-image__image-container\">\n\n            \n                <picture class=\"block-image__picture\" draggable=\"false\">\n  <source media=\"(min-width: 414px)\" srcset=\"https:\/\/www.oerlemansplastics.nl\/de\/wp-content\/uploads\/2023\/12\/Oerlemans-Plastics-Productie-Man-kijkt-naar-extrusiemachine-2-400x300.jpg\" width=\"400\" height=\"300\" \/>\n  <source media=\"(min-width: 0px)\" srcset=\"https:\/\/www.oerlemansplastics.nl\/de\/wp-content\/uploads\/2023\/12\/Oerlemans-Plastics-Productie-Man-kijkt-naar-extrusiemachine-2-360x240.jpg 1x, https:\/\/www.oerlemansplastics.nl\/de\/wp-content\/uploads\/2023\/12\/Oerlemans-Plastics-Productie-Man-kijkt-naar-extrusiemachine-2-720x480.jpg 2x\" width=\"360\" height=\"240\" \/>\n  <img class=\"block-image__image\" draggable=\"false\" decoding=\"async\" loading=\"lazy\" src=\"https:\/\/www.oerlemansplastics.nl\/de\/wp-content\/uploads\/2023\/12\/Oerlemans-Plastics-Productie-Man-kijkt-naar-extrusiemachine-2-400x300.jpg\" alt=\"\" width=\"400\" height=\"300\" \/>\n<\/picture>\n                                    <div\n                        class=\"block-image__holder block-image__holder--desktop\"\n                        style=\"aspect-ratio: 400\/300; max-width: 400px\">\n                    <\/div>\n                \n                                    <div\n                        class=\"block-image__holder block-image__holder--mobile\"\n                        style=\"aspect-ratio: 360\/240; max-width: 360px\">\n                    <\/div>\n                \n                                \n            <\/div>\n\n                        \n\n            \n            \n            \n            \n        <\/figure>\n\n        \n    <\/div>\n\n\n<\/div>\n            <\/div>\n<\/div>\n","protected":false},"excerpt":{"rendered":"","protected":false},"author":2,"featured_media":0,"parent":1048,"menu_order":28,"comment_status":"closed","ping_status":"closed","template":"","meta":{"_acf_changed":false,"footnotes":""},"class_list":["post-1060","page","type-page","status-publish","hentry"],"acf":[],"yoast_head":"<title>Produktion Extrusion - Oerlemans Plastics<\/title>\n<meta name=\"description\" content=\"Die Produktion umfasst auch die Extrusion. Entdecken Sie alles \u00fcber unsere Extrusionsabteilung und lesen Sie mehr.\" \/>\n<meta name=\"robots\" content=\"index, follow, max-snippet:-1, max-image-preview:large, max-video-preview:-1\" \/>\n<link rel=\"canonical\" href=\"https:\/\/www.oerlemansplastics.nl\/de\/produktion\/produktion-extrusion\/\" \/>\n<meta property=\"og:locale\" content=\"de_DE\" \/>\n<meta property=\"og:type\" content=\"article\" \/>\n<meta property=\"og:title\" content=\"Produktion Extrusion - Oerlemans Plastics\" \/>\n<meta property=\"og:description\" content=\"Die Produktion umfasst auch die Extrusion. Entdecken Sie alles \u00fcber unsere Extrusionsabteilung und lesen Sie mehr.\" \/>\n<meta property=\"og:url\" content=\"https:\/\/www.oerlemansplastics.nl\/de\/produktion\/produktion-extrusion\/\" \/>\n<meta property=\"og:site_name\" content=\"Oerlemans Plastics\" \/>\n<meta property=\"article:modified_time\" content=\"2024-02-13T09:15:30+00:00\" \/>\n<meta name=\"twitter:card\" content=\"summary_large_image\" \/>\n<meta name=\"twitter:label1\" content=\"Gesch\u00e4tzte Lesezeit\" \/>\n\t<meta name=\"twitter:data1\" content=\"1\u00a0Minute\" \/>\n<script type=\"application\/ld+json\" class=\"yoast-schema-graph\">{\"@context\":\"https:\/\/schema.org\",\"@graph\":[{\"@type\":\"WebPage\",\"@id\":\"https:\/\/www.oerlemansplastics.nl\/de\/produktion\/produktion-extrusion\/\",\"url\":\"https:\/\/www.oerlemansplastics.nl\/de\/produktion\/produktion-extrusion\/\",\"name\":\"Produktion Extrusion - Oerlemans Plastics\",\"isPartOf\":{\"@id\":\"https:\/\/www.oerlemansplastics.nl\/de\/#website\"},\"datePublished\":\"2023-07-17T13:43:20+00:00\",\"dateModified\":\"2024-02-13T09:15:30+00:00\",\"description\":\"Die Produktion umfasst auch die Extrusion. Entdecken Sie alles \u00fcber unsere Extrusionsabteilung und lesen Sie mehr.\",\"breadcrumb\":{\"@id\":\"https:\/\/www.oerlemansplastics.nl\/de\/produktion\/produktion-extrusion\/#breadcrumb\"},\"inLanguage\":\"de\",\"potentialAction\":[{\"@type\":\"ReadAction\",\"target\":[\"https:\/\/www.oerlemansplastics.nl\/de\/produktion\/produktion-extrusion\/\"]}]},{\"@type\":\"BreadcrumbList\",\"@id\":\"https:\/\/www.oerlemansplastics.nl\/de\/produktion\/produktion-extrusion\/#breadcrumb\",\"itemListElement\":[{\"@type\":\"ListItem\",\"position\":1,\"name\":\"Home\",\"item\":\"https:\/\/www.oerlemansplastics.nl\/de\/\"},{\"@type\":\"ListItem\",\"position\":2,\"name\":\"Produktion\",\"item\":\"https:\/\/www.oerlemansplastics.nl\/de\/produktion\/\"},{\"@type\":\"ListItem\",\"position\":3,\"name\":\"Extrusion\"}]},{\"@type\":\"WebSite\",\"@id\":\"https:\/\/www.oerlemansplastics.nl\/de\/#website\",\"url\":\"https:\/\/www.oerlemansplastics.nl\/de\/\",\"name\":\"Oerlemans Plastics\",\"description\":\"The sustainable innovator\",\"potentialAction\":[{\"@type\":\"SearchAction\",\"target\":{\"@type\":\"EntryPoint\",\"urlTemplate\":\"https:\/\/www.oerlemansplastics.nl\/de\/?suchanfrage={search_term_string}\"},\"query-input\":{\"@type\":\"PropertyValueSpecification\",\"valueRequired\":true,\"valueName\":\"search_term_string\"}}],\"inLanguage\":\"de\"}]}<\/script>","yoast_head_json":{"title":"Produktion Extrusion - Oerlemans Plastics","description":"Die Produktion umfasst auch die Extrusion. Entdecken Sie alles \u00fcber unsere Extrusionsabteilung und lesen Sie mehr.","robots":{"index":"index","follow":"follow","max-snippet":"max-snippet:-1","max-image-preview":"max-image-preview:large","max-video-preview":"max-video-preview:-1"},"canonical":"https:\/\/www.oerlemansplastics.nl\/de\/produktion\/produktion-extrusion\/","og_locale":"de_DE","og_type":"article","og_title":"Produktion Extrusion - Oerlemans Plastics","og_description":"Die Produktion umfasst auch die Extrusion. Entdecken Sie alles \u00fcber unsere Extrusionsabteilung und lesen Sie mehr.","og_url":"https:\/\/www.oerlemansplastics.nl\/de\/produktion\/produktion-extrusion\/","og_site_name":"Oerlemans Plastics","article_modified_time":"2024-02-13T09:15:30+00:00","twitter_card":"summary_large_image","twitter_misc":{"Gesch\u00e4tzte Lesezeit":"1\u00a0Minute"},"schema":{"@context":"https:\/\/schema.org","@graph":[{"@type":"WebPage","@id":"https:\/\/www.oerlemansplastics.nl\/de\/produktion\/produktion-extrusion\/","url":"https:\/\/www.oerlemansplastics.nl\/de\/produktion\/produktion-extrusion\/","name":"Produktion Extrusion - Oerlemans Plastics","isPartOf":{"@id":"https:\/\/www.oerlemansplastics.nl\/de\/#website"},"datePublished":"2023-07-17T13:43:20+00:00","dateModified":"2024-02-13T09:15:30+00:00","description":"Die Produktion umfasst auch die Extrusion. Entdecken Sie alles \u00fcber unsere Extrusionsabteilung und lesen Sie mehr.","breadcrumb":{"@id":"https:\/\/www.oerlemansplastics.nl\/de\/produktion\/produktion-extrusion\/#breadcrumb"},"inLanguage":"de","potentialAction":[{"@type":"ReadAction","target":["https:\/\/www.oerlemansplastics.nl\/de\/produktion\/produktion-extrusion\/"]}]},{"@type":"BreadcrumbList","@id":"https:\/\/www.oerlemansplastics.nl\/de\/produktion\/produktion-extrusion\/#breadcrumb","itemListElement":[{"@type":"ListItem","position":1,"name":"Home","item":"https:\/\/www.oerlemansplastics.nl\/de\/"},{"@type":"ListItem","position":2,"name":"Produktion","item":"https:\/\/www.oerlemansplastics.nl\/de\/produktion\/"},{"@type":"ListItem","position":3,"name":"Extrusion"}]},{"@type":"WebSite","@id":"https:\/\/www.oerlemansplastics.nl\/de\/#website","url":"https:\/\/www.oerlemansplastics.nl\/de\/","name":"Oerlemans Plastics","description":"The sustainable innovator","potentialAction":[{"@type":"SearchAction","target":{"@type":"EntryPoint","urlTemplate":"https:\/\/www.oerlemansplastics.nl\/de\/?suchanfrage={search_term_string}"},"query-input":{"@type":"PropertyValueSpecification","valueRequired":true,"valueName":"search_term_string"}}],"inLanguage":"de"}]}},"_links":{"self":[{"href":"https:\/\/www.oerlemansplastics.nl\/de\/wp-json\/wp\/v2\/pages\/1060","targetHints":{"allow":["GET"]}}],"collection":[{"href":"https:\/\/www.oerlemansplastics.nl\/de\/wp-json\/wp\/v2\/pages"}],"about":[{"href":"https:\/\/www.oerlemansplastics.nl\/de\/wp-json\/wp\/v2\/types\/page"}],"author":[{"embeddable":true,"href":"https:\/\/www.oerlemansplastics.nl\/de\/wp-json\/wp\/v2\/users\/2"}],"replies":[{"embeddable":true,"href":"https:\/\/www.oerlemansplastics.nl\/de\/wp-json\/wp\/v2\/comments?post=1060"}],"version-history":[{"count":28,"href":"https:\/\/www.oerlemansplastics.nl\/de\/wp-json\/wp\/v2\/pages\/1060\/revisions"}],"predecessor-version":[{"id":2528,"href":"https:\/\/www.oerlemansplastics.nl\/de\/wp-json\/wp\/v2\/pages\/1060\/revisions\/2528"}],"up":[{"embeddable":true,"href":"https:\/\/www.oerlemansplastics.nl\/de\/wp-json\/wp\/v2\/pages\/1048"}],"wp:attachment":[{"href":"https:\/\/www.oerlemansplastics.nl\/de\/wp-json\/wp\/v2\/media?parent=1060"}],"curies":[{"name":"wp","href":"https:\/\/api.w.org\/{rel}","templated":true}]}}